{"id":2831,"date":"2018-02-18T10:21:53","date_gmt":"2018-02-18T09:21:53","guid":{"rendered":"http:\/\/www.hotelcapodistella.it\/home\/"},"modified":"2026-01-15T10:33:23","modified_gmt":"2026-01-15T09:33:23","slug":"home","status":"publish","type":"page","link":"https:\/\/www.hotelcapodistella.it\/de\/","title":{"rendered":"Home"},"content":{"rendered":"<div class=\"wpb-content-wrapper\"><p>[vc_row full_width=&#8220;stretch_row&#8220;][vc_column][rev_slider_vc alias=&#8220;classicslider-1-1&#8243;][\/vc_column][\/vc_row][vc_row css=&#8220;.vc_custom_1666959738433{margin-top: 30px !important;}&#8220;][vc_column][vc_widget_sidebar sidebar_id=&#8220;zante_default_sidebar&#8220;][\/vc_column][\/vc_row][vc_row full_width=&#8220;stretch_row&#8220; css=&#8220;.vc_custom_1585245417525{padding-top: 0px !important;padding-bottom: 0px !important;}&#8220;][vc_column]\t\t\t<div\r\n\t\t\t\tclass=\"main_title  text-center  \">\r\n\t\t\t\t<h2 class=\"title\">WILLKOMMEN IM HOTEL CAPO DI STELLA<\/h2>\r\n\t\t\t\t\t\t\t\t\t<p class=\"main_description\">3-Sterne-Hotels auf der Insel Elba mit Halbpension<\/p>\r\n\t\t\t\t\t\t\t<\/div>\r\n\t\t[vc_column_text]<\/p>\n<p style=\"text-align: center;\"><strong><em>&#8230;eine Freude f\u00fcr das Herz und f\u00fcr die Augen&#8230;<\/em><\/strong><\/p>\n<p>Das ist die Sensation von denjenigen, die das Szenarium der nat\u00fcrlichen Sch\u00f6nheiten erlebt hat, die die Landzunge von Capo di Stella bietet, ein gr\u00fcnes und duftendes Fleckchen Erde das von zwei der sch\u00f6nsten Str\u00e4nden der Insel Elba umarmt wird.<\/p>\n<p>Das Hotel Capo di Stella, harmonisch in diesen Teil der elbanischen K\u00fcste eingebettet, der vom Nationalpark des toskanischen Archipels gesch\u00fctzt ist, befindet sich in Lacona, ein Ort im S\u00fcden der Insel Elba und \u00fcber eine kurze wei\u00dfe Strecke erreichbar ist die von Pinien und Eukalyptusb\u00e4umen beschattet ist.<\/p>\n<p>Viele Pfade starten bei dem Hotel und f\u00fchren auf die Landzunge von Capo di Stella; sie werden jeden Tag von Liebhabern der Ausfl\u00fcgen zu Fu\u00df oder mit dem Mountain Bike frequentiert, Strecken im Gr\u00fcnen die, je nach Saison, mit D\u00fcften und verschiedenen Farben der Blumen locken.<\/p>\n<p>Es ist die Natur, die unserem Ort die exklusive Sch\u00f6nheit der Lage verliehen hat, und um Euren Urlaub unvergesslich werden zu lassen, wird unsere Gastfreundschaft, Freundlichkeit und die Pflege der Dienstleistungen unseres gesamten Personals daf\u00fcr sorgen.<\/p>\n<p>[\/vc_column_text][\/vc_column][\/vc_row][vc_row full_width=&#8220;stretch_row&#8220; css=&#8220;.vc_custom_1585245457057{border-top-width: 1px !important;padding-top: 50px !important;padding-bottom: 20px !important;background-color: #f1f0ed !important;border-top-color: #ebeae9 !important;border-top-style: solid !important;}&#8220;][vc_column]\t\t\t<div\r\n\t\t\t\tclass=\"main_title  text-center  \">\r\n\t\t\t\t<h2 class=\"title\">DIE STRAENDE<\/h2>\r\n\t\t\t\t\t\t\t\t\t<p class=\"main_description\">Das Hotel ist von zwei wundersch\u00f6nen Str\u00e4nden umarmt: Lacona und Margidor<\/p>\r\n\t\t\t\t\t\t\t<\/div>\r\n\t\t[\/vc_column][\/vc_row][vc_row full_width=&#8220;stretch_row_content_no_spaces&#8220; gap=&#8220;35&#8243; equal_height=&#8220;yes&#8220; css=&#8220;.vc_custom_1585245488316{margin-bottom: 0px !important;}&#8220;][vc_column width=&#8220;1\/2&#8243; css=&#8220;.vc_custom_1579181944798{background-position: center !important;background-repeat: no-repeat !important;background-size: cover !important;}&#8220;][vc_column_text css=&#8220;.vc_custom_1666960272993{margin-bottom: 0px !important;padding-top: 2% !important;padding-right: 5% !important;padding-bottom: 2% !important;padding-left: 5% !important;}&#8220;]<\/p>\n<h3 style=\"text-align: center;\">Strand Lacona<\/h3>\n<p>Der Strand Lacona ist der gr\u00f6\u00dfte der Insel, er besteht aus Sand und hat jegliche Dienstleistungen von den Bars bis zu Restaurants, vom Bazar zu den Imbissst\u00e4nden oder B\u00e4ckern, Pizzeria und Eisdielen.[\/vc_column_text][vc_single_image image=&#8220;2627&#8243; img_size=&#8220;large&#8220; alignment=&#8220;center&#8220; style=&#8220;vc_box_shadow_border&#8220;][\/vc_column][vc_column width=&#8220;1\/2&#8243; css=&#8220;.vc_custom_1579181740167{background-position: center !important;background-repeat: no-repeat !important;background-size: cover !important;}&#8220;][vc_column_text css=&#8220;.vc_custom_1666960284680{margin-bottom: 0px !important;padding-top: 2% !important;padding-right: 5% !important;padding-bottom: 2% !important;padding-left: 5% !important;}&#8220;]<\/p>\n<h3 style=\"text-align: center;\">Strand Margidore<\/h3>\n<p>Der Strand Margidore hingegen ist eine kleine Bucht mit dunklen Kieselsteinen, sehr ruhig und mit herrlichem Meeresgrund, es hat Badeanstalten und auch Strecken mit freiem Zugang.[\/vc_column_text][vc_single_image image=&#8220;3196&#8243; img_size=&#8220;large&#8220; alignment=&#8220;center&#8220; style=&#8220;vc_box_shadow_border&#8220;][\/vc_column][\/vc_row][vc_row css=&#8220;.vc_custom_1585245500668{padding-top: 20px !important;padding-bottom: 0px !important;}&#8220;][vc_column]\t\t\t<div\r\n\t\t\t\tclass=\"main_title  text-center  \">\r\n\t\t\t\t<h2 class=\"title\">DIE ZIMMER<\/h2>\r\n\t\t\t\t\t\t\t\t\t<p class=\"main_description\">Ger\u00e4umig, mit gro\u00dfen Badezimmern und Terrasse zum Meer<\/p>\r\n\t\t\t\t\t\t\t<\/div>\r\n\t\t[vc_column_text]Unsere Zimmer blicken auf den Golf Stella, sind ger\u00e4umig und bequem, mit gro\u00dfen Badezimmern und Terrasse zum Meer. Alle besitzen Fernseher, WLAN und Klimaanlage.<\/p>\n<p>Die Familienzimmer haben die Gr\u00f6\u00dfe einer Wohnung, sie sind durch einen kleine Au\u00dfen- raum bereichert, mit Sonnenschirm, Liegen und Gartentisch mit Blick auf den Golf, und haben mehrere Zimmer hintereinander, aber jedes getrennt von dem anderen.[\/vc_column_text][\/vc_column][\/vc_row][vc_row equal_height=&#8220;yes&#8220; css=&#8220;.vc_custom_1585245510185{padding-bottom: 50px !important;}&#8220;][vc_column][vc_media_grid grid_id=&#8220;vc_gid:1768469457474-8fe3f879-0d08-2&#8243; include=&#8220;3320,3262,3226,3284,3242,2735&#8243;]\r\n        \r\n        <style>\r\n\t\t\t\t#btn-container-jbrJA {\r\n\t\t\t\t\tfont-size: 16px;\r\n\t\t\t\t\tfont-weight: bold;\r\n\t\t\t\t}\r\n        #btn-jbrJA {\r\n        \tbackground: #388251;\r\n\t\t\t\t\tborder-style: solid;\r\n        \tborder-color: #388251;\r\n\t\t\t\t\tborder-width: 1px;\r\n        \tcolor: #ffffff;\r\n\t\t\t\t\tpadding: 20px 20px;\r\n\t\t\t\t\tborder-radius: 2px;\r\n\t\t\t\t\tfont-size: 16px;\r\n\t\t\t\t\tline-height: 16px;\r\n\t\t\t\t\t\t\t\t\t\t\t\t\t\t\tfont-weight: bold;\r\n        }\r\n\r\n\t\t\t\t#btn-jbrJA:hover {\r\n\t\t\t\t\tbackground: #388251;\r\n\t\t\t\t\tborder-color: #388251;\r\n\t\t\t\t\tcolor: #ffffff;\r\n\t\t\t\t\t\t\t\t\t\t\t\t\t\t\t\r\n\t\t\t\t}\r\n\r\n\t\t    #btn-jbrJA i {\r\n\t\t\t\t\tright: 14px;\r\n\t\t\t\t\tmargin-top: 0;\r\n\t\t\t\t\tvertical-align: middle;\r\n\t\t\t\t\tborder-radius: 50%;\r\n\t\t\t\t\tline-height: 20px;\r\n\t\t\t\t\theight: 20px;\r\n\t\t\t\t\twidth: 20px;\r\n\t\t\t\t\tbackground: #1dc1f8;\r\n\t\t\t\t\tmargin-left: 8px;\r\n\t\t\t\t\tmargin-right: 0;\r\n\t\t\t\t\tcolor: #ffffff;\r\n\t\t\t\t\tfont-size: 8px;\r\n\t\t\t\t\ttext-align: center;\r\n\t\t\t\t}\r\n\r\n\t\t\t\t #btn-jbrJA:hover i {\r\n\t\t\t\t \tbackground: #ffffff;\r\n\t\t\t\t\tcolor: #1dc1f8;\r\n\t\t\t\t }\r\n\r\n        <\/style>\r\n\r\n\t\t<!-- BUTTON -->\r\n        <div id=\"btn-container-jbrJA\" class=\"text-center\">\r\n\t\t\t\r\n\t\t\t\t\t<a href=\"\/de\/zimmer\/\" id=\"btn-jbrJA\" class=\"btn \" target=\"_self\">\r\n\t\t\t\t\t\tUnsere Zimmer\t\t\t\t\t\t\t\t\t\t\t<\/a>\r\n\t\t\t\t\t        <\/div>\r\n\r\n        [\/vc_column][\/vc_row][vc_row css=&#8220;.vc_custom_1707386016807{padding-top: 20px !important;}&#8220;][vc_column][vc_column_text]<div class=\"leaflet-map WPLeafletMap\" style=\"height:500px; width:100%;\"><\/div><script>\nwindow.WPLeafletMapPlugin = window.WPLeafletMapPlugin || [];\nwindow.WPLeafletMapPlugin.push(function WPLeafletMapShortcode() {\/*<script>*\/\nvar baseUrl = atob('aHR0cHM6Ly90aWxlLm9wZW5zdHJlZXRtYXAub3JnL3t6fS97eH0ve3l9LnBuZw==');\nvar base = (!baseUrl && window.MQ) ?\n    window.MQ.mapLayer() : L.tileLayer(baseUrl,\n        L.Util.extend({}, {\n            detectRetina: 0,\n        },\n        {\"subdomains\":\"abc\",\"noWrap\":false,\"maxZoom\":19}        )\n    );\n    var options = L.Util.extend({}, {\n        layers: [base],\n        attributionControl: false\n    },\n    {\"zoomControl\":true,\"scrollWheelZoom\":false,\"doubleClickZoom\":false,\"fitBounds\":false,\"minZoom\":0,\"maxZoom\":19,\"maxBounds\":null,\"attribution\":\"<a href=\\\"http:\\\/\\\/leafletjs.com\\\" title=\\\"Eine Javascript-Bibliothek f\\u00fcr interaktive Karten\\\">Leaflet<\\\/a>; \\u00a9 <a href=\\\"http:\\\/\\\/www.openstreetmap.org\\\/copyright\\\">OpenStreetMap<\\\/a> Mitwirkende\"},\n    {});\nwindow.WPLeafletMapPlugin.createMap(options).setView([42.757726,10.317192],12);});<\/script><\/p>\n<p><script>\nwindow.WPLeafletMapPlugin = window.WPLeafletMapPlugin || [];\nwindow.WPLeafletMapPlugin.push(function WPLeafletMarkerShortcode() {\/*<script>*\/\nvar map = window.WPLeafletMapPlugin.getCurrentMap();\nvar group = window.WPLeafletMapPlugin.getCurrentGroup();\nvar marker_options = window.WPLeafletMapPlugin.getIconOptions({});\nvar marker = L.marker(\n    [0,0],\n    marker_options\n);\nvar is_image = map.is_image_map;\n    marker.setLatLng( map.getCenter() );\nif (marker_options.draggable) {\n    marker.on('dragend', function () {\n        var latlng = this.getLatLng();\n        var lat = latlng.lat;\n        var lng = latlng.lng;\n        if (is_image) {\n            console.log('leaflet-marker y=' + lat + ' x=' + lng);\n        } else {\n            console.log('leaflet-marker lat=' + lat + ' lng=' + lng);\n        }\n    });\n}\nmarker.addTo( group );\nwindow.WPLeafletMapPlugin.markers.push( marker );\n        });<\/script>[\/vc_column_text][\/vc_column][\/vc_row][vc_row full_width=&#8220;stretch_row_content_no_spaces&#8220; css=&#8220;.vc_custom_1715947975280{margin-bottom: 30px !important;padding-top: 30px !important;padding-bottom: 10px !important;background-color: #388251 !important;}&#8220; el_class=&#8220;banner-richiesta&#8220;][vc_column][vc_column_text]<\/p>\n<p style=\"text-align: center;\"><strong>Suchst Du nach Infos oder m\u00f6chtest Du einen Urlaub in unserem Hotel buchen? \u00a0<\/strong> <a class=\"button\" href=\"https:\/\/www.hotelcapodistella.it\/de\/kontakte\/\">Sende eine Anfrage<\/a><\/p>\n<p>[\/vc_column_text][\/vc_column][\/vc_row][vc_row][vc_column][vc_column_text css=&#8220;&#8220;]<\/p>\n<h5 class=\"p1\" style=\"text-align: center;\"><strong>Ab Oktober<\/strong> bis zur Schlie\u00dfung des Hotels bleibt das <strong>Restaurant Capo di Stella geschlossen.<\/strong><\/h5>\n<p>[\/vc_column_text][vc_single_image image=&#8220;4252&#8243; img_size=&#8220;full&#8220; alignment=&#8220;center&#8220; onclick=&#8220;custom_link&#8220; link=&#8220;\/de\/restaurant\/&#8220;][\/vc_column][\/vc_row]<\/p>\n<\/div>","protected":false},"excerpt":{"rendered":"<p>[vc_row full_width=&#8220;stretch_row&#8220;][vc_column][rev_slider_vc alias=&#8220;classicslider-1-1&#8243;][\/vc_column][\/vc_row][vc_row css=&#8220;.vc_custom_1666959738433{margin-top: 30px !important;}&#8220;][vc_column][vc_widget_sidebar sidebar_id=&#8220;zante_default_sidebar&#8220;][\/vc_column][\/vc_row][vc_row full_width=&#8220;stretch_row&#8220; css=&#8220;.vc_custom_1585245417525{padding-top: 0px !important;padding-bottom: 0px !important;}&#8220;][vc_column][vc_column_text] &#8230;eine Freude f\u00fcr das Herz und f\u00fcr die Augen&#8230; Das ist die Sensation von denjenigen, die das Szenarium der nat\u00fcrlichen Sch\u00f6nheiten erlebt hat, die die Landzunge von Capo di Stella bietet, ein gr\u00fcnes und duftendes Fleckchen Erde das von zwei der sch\u00f6nsten [&hellip;]<\/p>\n","protected":false},"author":1,"featured_media":0,"parent":0,"menu_order":0,"comment_status":"closed","ping_status":"closed","template":"","meta":{"footnotes":""},"class_list":["post-2831","page","type-page","status-publish","hentry"],"_links":{"self":[{"href":"https:\/\/www.hotelcapodistella.it\/de\/wp-json\/wp\/v2\/pages\/2831","targetHints":{"allow":["GET"]}}],"collection":[{"href":"https:\/\/www.hotelcapodistella.it\/de\/wp-json\/wp\/v2\/pages"}],"about":[{"href":"https:\/\/www.hotelcapodistella.it\/de\/wp-json\/wp\/v2\/types\/page"}],"author":[{"embeddable":true,"href":"https:\/\/www.hotelcapodistella.it\/de\/wp-json\/wp\/v2\/users\/1"}],"replies":[{"embeddable":true,"href":"https:\/\/www.hotelcapodistella.it\/de\/wp-json\/wp\/v2\/comments?post=2831"}],"version-history":[{"count":5,"href":"https:\/\/www.hotelcapodistella.it\/de\/wp-json\/wp\/v2\/pages\/2831\/revisions"}],"predecessor-version":[{"id":4508,"href":"https:\/\/www.hotelcapodistella.it\/de\/wp-json\/wp\/v2\/pages\/2831\/revisions\/4508"}],"wp:attachment":[{"href":"https:\/\/www.hotelcapodistella.it\/de\/wp-json\/wp\/v2\/media?parent=2831"}],"curies":[{"name":"wp","href":"https:\/\/api.w.org\/{rel}","templated":true}]}}