{"id":2836,"date":"2018-02-17T13:08:13","date_gmt":"2018-02-17T12:08:13","guid":{"rendered":"http:\/\/www.hotelcapodistella.it\/hotel\/"},"modified":"2024-05-28T11:10:37","modified_gmt":"2024-05-28T09:10:37","slug":"hotel","status":"publish","type":"page","link":"https:\/\/www.hotelcapodistella.it\/de\/hotel\/","title":{"rendered":"Hotel"},"content":{"rendered":"<div class=\"wpb-content-wrapper\"><p>[vc_row full_width=&#8220;stretch_row_content_no_spaces&#8220;][vc_column][vc_single_image image=&#8220;3569&#8243; img_size=&#8220;full&#8220; alignment=&#8220;center&#8220;][\/vc_column][\/vc_row][vc_row][vc_column][vc_widget_sidebar sidebar_id=&#8220;zante_default_sidebar&#8220;][\/vc_column][\/vc_row][vc_row full_width=&#8220;stretch_row&#8220; css=&#8220;.vc_custom_1592812622257{padding-top: 20px !important;}&#8220;][vc_column width=&#8220;1\/2&#8243;]\t\t\t<div\r\n\t\t\t\tclass=\"main_title  text-left  mt_wave\">\r\n\t\t\t\t<h2 class=\"title\">Das Hotel ist in die Landzunge von Capo di Stella auf der Insel Elba eingebettet<\/h2>\r\n\t\t\t\t\t\t\t<\/div>\r\n\t\t[vc_column_text]Das <strong>Hotel Capo di Stella<\/strong> empf\u00e4ngt Euch in einem gro\u00dfen Saal, der in Empfang und Infopoint eingeteilt ist, wo Ihr jede Art von Prospekten der Insel finden k\u00f6nnt, aber nicht nur.<\/p>\n<p>Das Hotel besitzt au\u00dferdem ein Swimmingpool mit einer kleinen Bar wo Ihr Euch entspannen, und die Ruhe des Ortes genie\u00dfen k\u00f6nnt, ein Restaurant mit einem atemberaubenden Ausblick, ein freier und nicht bewachter Parkplatz neben dem Empfang und ein weiterer Parkplatz unter dem Hotel, ebenfalls frei und unbewacht.[\/vc_column_text][\/vc_column][vc_column width=&#8220;1\/2&#8243;][vc_single_image image=&#8220;3110&#8243; img_size=&#8220;large&#8220;][\/vc_column][\/vc_row][vc_row][vc_column width=&#8220;5\/6&#8243;][vc_column_text css=&#8220;&#8220;]<strong>Tiere:<\/strong><\/p>\n<p>Das Hotel Capo di Stella ist gl\u00fccklich alle G\u00e4ste zu empfangen die ihre 4-beinigen Freunde mit sich nehmen m\u00f6chten (Hunde, Katzen, etc.). Die Tiere k\u00f6nnen an jeden Platz des Hotels mitgenommen werden, mit Ausnahme des Pools. Die Pr\u00e4senz eines Haustieres muss bei der Buchung mitgeteilt werden. Der Aufpreis f\u00fcr einen Haustier betr\u00e4gt \u20ac 10,00 pro Tag.[\/vc_column_text][\/vc_column][vc_column width=&#8220;1\/6&#8243;][vc_single_image image=&#8220;2277&#8243; img_size=&#8220;full&#8220;][\/vc_column][\/vc_row][vc_row][vc_column]\r\n        \r\n        <style>\r\n\t\t\t\t#btn-container-SrvDh {\r\n\t\t\t\t\tfont-size: 16px;\r\n\t\t\t\t\tfont-weight: bold;\r\n\t\t\t\t}\r\n        #btn-SrvDh {\r\n        \tbackground: #388251;\r\n\t\t\t\t\tborder-style: solid;\r\n        \tborder-color: #388251;\r\n\t\t\t\t\tborder-width: 1px;\r\n        \tcolor: #ffffff;\r\n\t\t\t\t\tpadding: 20px 20px;\r\n\t\t\t\t\tborder-radius: 2px;\r\n\t\t\t\t\tfont-size: 16px;\r\n\t\t\t\t\tline-height: 16px;\r\n\t\t\t\t\t\t\t\t\t\t\t\t\t\t\tfont-weight: bold;\r\n        }\r\n\r\n\t\t\t\t#btn-SrvDh:hover {\r\n\t\t\t\t\tbackground: #388251;\r\n\t\t\t\t\tborder-color: #388251;\r\n\t\t\t\t\tcolor: #ffffff;\r\n\t\t\t\t\t\t\t\t\t\t\t\t\t\t\t\r\n\t\t\t\t}\r\n\r\n\t\t    #btn-SrvDh i {\r\n\t\t\t\t\tright: 14px;\r\n\t\t\t\t\tmargin-top: 0;\r\n\t\t\t\t\tvertical-align: middle;\r\n\t\t\t\t\tborder-radius: 50%;\r\n\t\t\t\t\tline-height: 20px;\r\n\t\t\t\t\theight: 20px;\r\n\t\t\t\t\twidth: 20px;\r\n\t\t\t\t\tbackground: #1dc1f8;\r\n\t\t\t\t\tmargin-left: 8px;\r\n\t\t\t\t\tmargin-right: 0;\r\n\t\t\t\t\tcolor: #ffffff;\r\n\t\t\t\t\tfont-size: 8px;\r\n\t\t\t\t\ttext-align: center;\r\n\t\t\t\t}\r\n\r\n\t\t\t\t #btn-SrvDh:hover i {\r\n\t\t\t\t \tbackground: #ffffff;\r\n\t\t\t\t\tcolor: #1dc1f8;\r\n\t\t\t\t }\r\n\r\n        <\/style>\r\n\r\n\t\t<!-- BUTTON -->\r\n        <div id=\"btn-container-SrvDh\" class=\"text-center\">\r\n\t\t\t\r\n\t\t\t\t\t<a href=\"\/de\/dienstleistungen\/\" id=\"btn-SrvDh\" class=\"btn \" target=\"_self\">\r\n\t\t\t\t\t\tUnsere Dienstleistungen\t\t\t\t\t\t\t\t\t\t\t<\/a>\r\n\t\t\t\t\t        <\/div>\r\n\r\n        [\/vc_column][\/vc_row][vc_row full_width=&#8220;stretch_row_content_no_spaces&#8220; equal_height=&#8220;yes&#8220;][vc_column][vc_empty_space][vc_media_grid element_width=&#8220;3&#8243; gap=&#8220;20&#8243; grid_id=&#8220;vc_gid:1716887427143-6c187fdb-361f-6&#8243; include=&#8220;3145,3149,3153,3141,3166,3170,3136,3132,3115,3119,3123,3127,3178,3162,3158,3174&#8243;][\/vc_column][\/vc_row][vc_row full_width=&#8220;stretch_row_content_no_spaces&#8220; css=&#8220;.vc_custom_1580817411123{padding-top: 30px !important;padding-bottom: 10px !important;background-color: #388251 !important;}&#8220; el_class=&#8220;banner-richiesta&#8220;][vc_column][vc_column_text]<\/p>\n<p style=\"text-align: center;\"><strong>Suchst Du nach Infos oder m\u00f6chtest Du einen Urlaub in unserem Hotel buchen? <\/strong> <a class=\"button\" href=\"\/de\/kontakte\/\">Sende eine Anfrage<\/a><\/p>\n<p>[\/vc_column_text][\/vc_column][\/vc_row]<\/p>\n<\/div>","protected":false},"excerpt":{"rendered":"<p>[vc_row full_width=&#8220;stretch_row_content_no_spaces&#8220;][vc_column][vc_single_image image=&#8220;3569&#8243; img_size=&#8220;full&#8220; alignment=&#8220;center&#8220;][\/vc_column][\/vc_row][vc_row][vc_column][vc_widget_sidebar sidebar_id=&#8220;zante_default_sidebar&#8220;][\/vc_column][\/vc_row][vc_row full_width=&#8220;stretch_row&#8220; css=&#8220;.vc_custom_1592812622257{padding-top: 20px !important;}&#8220;][vc_column width=&#8220;1\/2&#8243;][vc_column_text]Das Hotel Capo di Stella empf\u00e4ngt Euch in einem gro\u00dfen Saal, der in Empfang und Infopoint eingeteilt ist, wo Ihr jede Art von Prospekten der Insel finden k\u00f6nnt, aber nicht nur. Das Hotel besitzt au\u00dferdem ein Swimmingpool mit einer kleinen Bar wo Ihr Euch entspannen, [&hellip;]<\/p>\n","protected":false},"author":1,"featured_media":0,"parent":0,"menu_order":0,"comment_status":"closed","ping_status":"closed","template":"","meta":{"footnotes":""},"class_list":["post-2836","page","type-page","status-publish","hentry"],"_links":{"self":[{"href":"https:\/\/www.hotelcapodistella.it\/de\/wp-json\/wp\/v2\/pages\/2836","targetHints":{"allow":["GET"]}}],"collection":[{"href":"https:\/\/www.hotelcapodistella.it\/de\/wp-json\/wp\/v2\/pages"}],"about":[{"href":"https:\/\/www.hotelcapodistella.it\/de\/wp-json\/wp\/v2\/types\/page"}],"author":[{"embeddable":true,"href":"https:\/\/www.hotelcapodistella.it\/de\/wp-json\/wp\/v2\/users\/1"}],"replies":[{"embeddable":true,"href":"https:\/\/www.hotelcapodistella.it\/de\/wp-json\/wp\/v2\/comments?post=2836"}],"version-history":[{"count":5,"href":"https:\/\/www.hotelcapodistella.it\/de\/wp-json\/wp\/v2\/pages\/2836\/revisions"}],"predecessor-version":[{"id":4268,"href":"https:\/\/www.hotelcapodistella.it\/de\/wp-json\/wp\/v2\/pages\/2836\/revisions\/4268"}],"wp:attachment":[{"href":"https:\/\/www.hotelcapodistella.it\/de\/wp-json\/wp\/v2\/media?parent=2836"}],"curies":[{"name":"wp","href":"https:\/\/api.w.org\/{rel}","templated":true}]}}