{"id":2853,"date":"2018-06-02T19:02:12","date_gmt":"2018-06-02T19:02:12","guid":{"rendered":"http:\/\/www.hotelcapodistella.it\/ristorante\/"},"modified":"2025-12-19T09:07:47","modified_gmt":"2025-12-19T08:07:47","slug":"restaurant","status":"publish","type":"page","link":"https:\/\/www.hotelcapodistella.it\/de\/restaurant\/","title":{"rendered":"Restaurant"},"content":{"rendered":"<div class=\"wpb-content-wrapper\"><p>[vc_row full_width=&#8220;stretch_row_content_no_spaces&#8220;][vc_column][vc_single_image image=&#8220;3586&#8243; img_size=&#8220;full&#8220; alignment=&#8220;center&#8220;][\/vc_column][\/vc_row][vc_row css=&#8220;.vc_custom_1592812645429{padding-top: 20px !important;padding-bottom: 50px !important;}&#8220;][vc_column width=&#8220;1\/2&#8243;]\t\t\t<div\r\n\t\t\t\tclass=\"main_title  text-left  mt_wave\">\r\n\t\t\t\t<h2 class=\"title\">Restaurant zur Bucht<\/h2>\r\n\t\t\t\t\t\t\t<\/div>\r\n\t\t[vc_column_text css=&#8220;.vc_custom_1766131313194{padding-top: -30px !important;}&#8220;]Unser Restaurant ist jeden Abend von 19:30 bis 21:00 Uhr ge\u00f6ffnet. Es empf\u00e4ngt sowohl G\u00e4ste der Unterkunft als auch \u2013 nach Reservierung \u2013 externe Besucher.<\/p>\n<p>Direkt am Meer gelegen, bietet es ein einzigartiges kulinarisches Erlebnis in eleganter und entspannter Atmosph\u00e4re. Der herrliche Panoramablick auf die K\u00fcste begleitet jedes Abendessen und macht jeden Moment noch besonderer.[\/vc_column_text][\/vc_column][vc_column width=&#8220;1\/2&#8243;][vc_single_image image=&#8220;3077&#8243; img_size=&#8220;large&#8220;][\/vc_column][\/vc_row][vc_row css=&#8220;.vc_custom_1575471895784{padding-bottom: 50px !important;}&#8220;][vc_column width=&#8220;1\/2&#8243;][vc_single_image image=&#8220;3073&#8243; img_size=&#8220;large&#8220;][\/vc_column][vc_column width=&#8220;1\/2&#8243;][vc_column_text css=&#8220;&#8220;]Das Restaurant des Hotels hei\u00dft die G\u00e4ste mit einem stets neuen gastronomischen Angebot willkommen: ein sorgf\u00e4ltig zusammengestelltes Men\u00fc, das sich t\u00e4glich \u00e4ndert, um den Gaumen zu \u00fcberraschen und frische, saisonale Aromen zur Geltung zu bringen, sodass jeder Aufenthalt auch am Tisch zu einem besonderen Erlebnis wird.<\/p>\n<p>Unsere Inspiration stammt von alten Rezepten der Insel Elba, von Geschichten aus K\u00fcche und Keller, die von Gerichten aus dem Meer und vom Land erz\u00e4hlen \u2013 zubereitet mit typischen und unverf\u00e4lschten Zutaten unserer Insel, von frischem Fisch bis zu lokalem Gem\u00fcse, verfeinert mit einheimischen Kr\u00e4utern und begleitet von Wei\u00df- und Rotweinen der besten Weing\u00fcter der Insel.<\/p>\n<p>F\u00fcr Kinder k\u00f6nnen die K\u00f6che auf Anfrage Gerichte zubereiten, die ihren Geschmack und ihre Ern\u00e4hrungsbed\u00fcrfnisse ber\u00fccksichtigen.[\/vc_column_text][\/vc_column][\/vc_row][vc_row full_width=&#8220;stretch_row_content_no_spaces&#8220; equal_height=&#8220;yes&#8220; css=&#8220;.vc_custom_1707388368405{padding-bottom: 50px !important;}&#8220;][vc_column][vc_media_grid element_width=&#8220;3&#8243; gap=&#8220;20&#8243; grid_id=&#8220;vc_gid:1766131317687-a3c577a1-4c1b-0&#8243; include=&#8220;3206,3184,3192,3188&#8243;][\/vc_column][\/vc_row][vc_row][vc_column width=&#8220;1\/2&#8243;][vc_column_text]<strong><img loading=\"lazy\" decoding=\"async\" class=\"alignleft wp-image-2012\" src=\"http:\/\/www.hotelcapodistella.it\/wp-content\/uploads\/2019\/12\/logo-senza-glutine.png\" alt=\"\" width=\"75\" height=\"75\" srcset=\"https:\/\/www.hotelcapodistella.it\/wp-content\/uploads\/2019\/12\/logo-senza-glutine.png 200w, https:\/\/www.hotelcapodistella.it\/wp-content\/uploads\/2019\/12\/logo-senza-glutine-150x150.png 150w, https:\/\/www.hotelcapodistella.it\/wp-content\/uploads\/2019\/12\/logo-senza-glutine-80x80.png 80w\" sizes=\"auto, (max-width: 75px) 100vw, 75px\" \/>Spezielle Gluten Free\/Intoleranten<\/strong>: die G\u00e4ste, die bestimmte Intoleranten auf Gluten oder andere Lebensmittel haben, sind willkommen und finden ein f\u00fcr sie geeignetes Men\u00fc, das deren Nahrungsbed\u00fcrfnissen entspricht, im Respekt des angemessenen Lebensmittelstandards und mit allen Fr\u00fchst\u00fccksprodukten, Nudeln, Brot und Desserts ganz rigoros glutenfree oder frei von den unvertr\u00e4glichen Allergenen.[\/vc_column_text][\/vc_column][vc_column width=&#8220;1\/2&#8243;][vc_single_image image=&#8220;3087&#8243; img_size=&#8220;large&#8220;][\/vc_column][\/vc_row][vc_row equal_height=&#8220;yes&#8220; css=&#8220;.vc_custom_1707388495535{padding-top: 30px !important;}&#8220;][vc_column]\t\t\t<div\r\n\t\t\t\tclass=\"main_title  text-center  \">\r\n\t\t\t\t<h2 class=\"title\">Unsere Gerichte<\/h2>\r\n\t\t\t\t\t\t\t<\/div>\r\n\t\t[vc_gallery type=&#8220;image_grid&#8220; images=&#8220;3092,2591,3096,2579,2582,2594,2597,2600,2603,2606,2609,2612,2615,2618,2621,2624,2570,2576&#8243; img_size=&#8220;190&#215;175&#8243;][\/vc_column][\/vc_row][vc_row full_width=&#8220;stretch_row_content_no_spaces&#8220; css=&#8220;.vc_custom_1580817411123{padding-top: 30px !important;padding-bottom: 10px !important;background-color: #388251 !important;}&#8220; el_class=&#8220;banner-richiesta&#8220;][vc_column][vc_column_text]<\/p>\n<p style=\"text-align: center;\"><strong>Suchst Du nach Infos oder m\u00f6chtest Du einen Urlaub in unserem Hotel buchen? <\/strong> <a class=\"button\" href=\"https:\/\/www.hotelcapodistella.it\/de\/kontakte\/\">Sende eine Anfrage<\/a><\/p>\n<p>[\/vc_column_text][\/vc_column][\/vc_row]<\/p>\n<\/div>","protected":false},"excerpt":{"rendered":"<p>[vc_row full_width=&#8220;stretch_row_content_no_spaces&#8220;][vc_column][vc_single_image image=&#8220;3586&#8243; img_size=&#8220;full&#8220; alignment=&#8220;center&#8220;][\/vc_column][\/vc_row][vc_row css=&#8220;.vc_custom_1592812645429{padding-top: 20px !important;padding-bottom: 50px !important;}&#8220;][vc_column width=&#8220;1\/2&#8243;][vc_column_text css=&#8220;.vc_custom_1766131313194{padding-top: -30px !important;}&#8220;]Unser Restaurant ist jeden Abend von 19:30 bis 21:00 Uhr ge\u00f6ffnet. Es empf\u00e4ngt sowohl G\u00e4ste der Unterkunft als auch \u2013 nach Reservierung \u2013 externe Besucher. Direkt am Meer gelegen, bietet es ein einzigartiges kulinarisches Erlebnis in eleganter und entspannter Atmosph\u00e4re. Der herrliche [&hellip;]<\/p>\n","protected":false},"author":1,"featured_media":0,"parent":0,"menu_order":0,"comment_status":"closed","ping_status":"closed","template":"","meta":{"footnotes":""},"class_list":["post-2853","page","type-page","status-publish","hentry"],"_links":{"self":[{"href":"https:\/\/www.hotelcapodistella.it\/de\/wp-json\/wp\/v2\/pages\/2853","targetHints":{"allow":["GET"]}}],"collection":[{"href":"https:\/\/www.hotelcapodistella.it\/de\/wp-json\/wp\/v2\/pages"}],"about":[{"href":"https:\/\/www.hotelcapodistella.it\/de\/wp-json\/wp\/v2\/types\/page"}],"author":[{"embeddable":true,"href":"https:\/\/www.hotelcapodistella.it\/de\/wp-json\/wp\/v2\/users\/1"}],"replies":[{"embeddable":true,"href":"https:\/\/www.hotelcapodistella.it\/de\/wp-json\/wp\/v2\/comments?post=2853"}],"version-history":[{"count":5,"href":"https:\/\/www.hotelcapodistella.it\/de\/wp-json\/wp\/v2\/pages\/2853\/revisions"}],"predecessor-version":[{"id":4490,"href":"https:\/\/www.hotelcapodistella.it\/de\/wp-json\/wp\/v2\/pages\/2853\/revisions\/4490"}],"wp:attachment":[{"href":"https:\/\/www.hotelcapodistella.it\/de\/wp-json\/wp\/v2\/media?parent=2853"}],"curies":[{"name":"wp","href":"https:\/\/api.w.org\/{rel}","templated":true}]}}