{"id":2858,"date":"2019-12-06T15:11:22","date_gmt":"2019-12-06T14:11:22","guid":{"rendered":"http:\/\/www.hotelcapodistella.it\/spiagge\/"},"modified":"2024-04-22T12:07:32","modified_gmt":"2024-04-22T10:07:32","slug":"straende","status":"publish","type":"page","link":"https:\/\/www.hotelcapodistella.it\/de\/straende\/","title":{"rendered":"Str\u00e4nde"},"content":{"rendered":"<div class=\"wpb-content-wrapper\"><p>[vc_row full_width=&#8220;stretch_row_content_no_spaces&#8220;][vc_column][vc_single_image image=&#8220;3596&#8243; img_size=&#8220;full&#8220;][\/vc_column][\/vc_row][vc_row][vc_column][vc_widget_sidebar sidebar_id=&#8220;zante_default_sidebar&#8220;][\/vc_column][\/vc_row][vc_row css=&#8220;.vc_custom_1592812704551{padding-top: 20px !important;}&#8220;][vc_column width=&#8220;1\/2&#8243;]\t\t\t<div\r\n\t\t\t\tclass=\"main_title  text-center  \">\r\n\t\t\t\t<h2 class=\"title\">Strand Margidore<\/h2>\r\n\t\t\t\t\t\t\t<\/div>\r\n\t\t[vc_column_text]Vom Parkplatz des Hotel Capo di Stella aus k\u00f6nnt Ihr zu Fu\u00df \u00fcber einen Pfad von etwa 200 Metern L\u00e4nge die Bucht von Margidore erreichen, eine kleine Bucht mit dunklem Kiesel und glasklarem Wasser durch den Felsengrund, und habt somit die M\u00f6glichkeit die Fische in ihrem nat\u00fcrlichen Ambiente zu beobachten.<\/p>\n<p>Der Strand hat eine Badeanstalt, Bar, Boot-\/Motorbootverleih, Anlegepl\u00e4tze und Boote ins trockene zu ziehen. Er ist sehr ruhig auch in der Hochsaison und ideal fuer alle die es lieben Ausfl\u00fcge mit dem Boot zu machen, oder auch nur mit Flossen und Tauchermaske.[\/vc_column_text][\/vc_column][vc_column width=&#8220;1\/2&#8243;][vc_single_image image=&#8220;2389&#8243; img_size=&#8220;full&#8220;][\/vc_column][\/vc_row][vc_row css=&#8220;.vc_custom_1580739706789{padding-top: 50px !important;}&#8220;][vc_column width=&#8220;1\/2&#8243;][vc_single_image image=&#8220;2388&#8243; img_size=&#8220;full&#8220;][\/vc_column][vc_column width=&#8220;1\/2&#8243;]\t\t\t<div\r\n\t\t\t\tclass=\"main_title  text-center  \">\r\n\t\t\t\t<h2 class=\"title\">Strand Lacona<\/h2>\r\n\t\t\t\t\t\t\t<\/div>\r\n\t\t[vc_column_text]Etwa 1 Km von unserem Hotel entfernt befindet sich der Strand Lacona, ein ziemlich gro\u00dfer Strand f\u00fcr unsere Insel und mit dem von Marina di Campo der l\u00e4ngste, beide etwa 1 Km lang.<\/p>\n<p>Der Strand Lacona bewahrt noch die nat\u00fcrlichen Dunen auf denen typische Sand-Vegetation w\u00e4chst, er ist f\u00fcr Familien geeignet da das Wasser an einigen Stellen \u00fcber weite Meter hinaus flach ist. Es gibt dort alles, angefangen vom B\u00e4cker zum Imbiss, von der Bar bis zum Restaurant, Pizzeria und Eisdielen.<\/p>\n<p>Am Strand befinden sich mehrere Anstalten, einige sind mit unserem Hotel konventioniert. Man kann dort Boote mieten, Schlauchboote, Tretboote und anderes. Durch seine Lage hat der Strand auch viele Teile mit freiem Zutritt und einen schiene Pinienwald wo man ruhig im Schatten essen und sich entspannen kann.<\/p>\n<p>Au\u00dferdem sind dort eine Apotheke, ein Geldautomat und ein kleines Lebensmittelgesch\u00e4ft vorhanden.[\/vc_column_text][\/vc_column][\/vc_row][vc_row full_width=&#8220;stretch_row_content_no_spaces&#8220; css=&#8220;.vc_custom_1580817411123{padding-top: 30px !important;padding-bottom: 10px !important;background-color: #388251 !important;}&#8220; el_class=&#8220;banner-richiesta&#8220;][vc_column][vc_column_text]<\/p>\n<p style=\"text-align: center;\"><strong>Suchst Du nach Infos oder m\u00f6chtest Du einen Urlaub in unserem Hotel buchen? <\/strong> <a class=\"button\" href=\"\/de\/kontakte\/\">Sende eine Anfrage<\/a><\/p>\n<p>[\/vc_column_text][\/vc_column][\/vc_row]<\/p>\n<\/div>","protected":false},"excerpt":{"rendered":"<p>[vc_row full_width=&#8220;stretch_row_content_no_spaces&#8220;][vc_column][vc_single_image image=&#8220;3596&#8243; img_size=&#8220;full&#8220;][\/vc_column][\/vc_row][vc_row][vc_column][vc_widget_sidebar sidebar_id=&#8220;zante_default_sidebar&#8220;][\/vc_column][\/vc_row][vc_row css=&#8220;.vc_custom_1592812704551{padding-top: 20px !important;}&#8220;][vc_column width=&#8220;1\/2&#8243;][vc_column_text]Vom Parkplatz des Hotel Capo di Stella aus k\u00f6nnt Ihr zu Fu\u00df \u00fcber einen Pfad von etwa 200 Metern L\u00e4nge die Bucht von Margidore erreichen, eine kleine Bucht mit dunklem Kiesel und glasklarem Wasser durch den Felsengrund, und habt somit die M\u00f6glichkeit die Fische in ihrem nat\u00fcrlichen [&hellip;]<\/p>\n","protected":false},"author":1,"featured_media":0,"parent":0,"menu_order":0,"comment_status":"closed","ping_status":"closed","template":"","meta":{"footnotes":""},"class_list":["post-2858","page","type-page","status-publish","hentry"],"_links":{"self":[{"href":"https:\/\/www.hotelcapodistella.it\/de\/wp-json\/wp\/v2\/pages\/2858","targetHints":{"allow":["GET"]}}],"collection":[{"href":"https:\/\/www.hotelcapodistella.it\/de\/wp-json\/wp\/v2\/pages"}],"about":[{"href":"https:\/\/www.hotelcapodistella.it\/de\/wp-json\/wp\/v2\/types\/page"}],"author":[{"embeddable":true,"href":"https:\/\/www.hotelcapodistella.it\/de\/wp-json\/wp\/v2\/users\/1"}],"replies":[{"embeddable":true,"href":"https:\/\/www.hotelcapodistella.it\/de\/wp-json\/wp\/v2\/comments?post=2858"}],"version-history":[{"count":5,"href":"https:\/\/www.hotelcapodistella.it\/de\/wp-json\/wp\/v2\/pages\/2858\/revisions"}],"predecessor-version":[{"id":3716,"href":"https:\/\/www.hotelcapodistella.it\/de\/wp-json\/wp\/v2\/pages\/2858\/revisions\/3716"}],"wp:attachment":[{"href":"https:\/\/www.hotelcapodistella.it\/de\/wp-json\/wp\/v2\/media?parent=2858"}],"curies":[{"name":"wp","href":"https:\/\/api.w.org\/{rel}","templated":true}]}}