{"id":2864,"date":"2019-12-06T15:01:59","date_gmt":"2019-12-06T14:01:59","guid":{"rendered":"http:\/\/www.hotelcapodistella.it\/sport-e-natura\/"},"modified":"2024-04-22T12:06:38","modified_gmt":"2024-04-22T10:06:38","slug":"sport-und-natur","status":"publish","type":"page","link":"https:\/\/www.hotelcapodistella.it\/de\/sport-und-natur\/","title":{"rendered":"Sport und Natur"},"content":{"rendered":"<div class=\"wpb-content-wrapper\"><p>[vc_row full_width=&#8220;stretch_row_content_no_spaces&#8220;][vc_column][vc_single_image image=&#8220;3608&#8243; img_size=&#8220;full&#8220; alignment=&#8220;center&#8220;][\/vc_column][\/vc_row][vc_row][vc_column][vc_widget_sidebar sidebar_id=&#8220;zante_default_sidebar&#8220;][\/vc_column][\/vc_row][vc_row css=&#8220;.vc_custom_1592812669472{padding-top: 20px !important;padding-bottom: 50px !important;}&#8220;][vc_column]\t\t\t<div\r\n\t\t\t\tclass=\"main_title  text-left  mt_wave\">\r\n\t\t\t\t<h2 class=\"title\">Trekking auf der Insel Elba<\/h2>\r\n\t\t\t\t\t\t\t<\/div>\r\n\t\t[vc_column_text css=&#8220;.vc_custom_1584615872488{padding-top: -30px !important;}&#8220;]Die Insel Elba ist nicht nur Meer, sie ist reich an Geschichte, unber\u00fchrter Natur und das Gel\u00e4nde ist eine Vielfalt von Pfaden f\u00fcr alle Trekking Liebhaber. Strecken eingebettet im Gr\u00fcnen die von einer Seite zur anderen der Insel f\u00fchren, kurze oder lange Wege, einige f\u00fcr alle geeignet, andere hingegen nur f\u00fcr die Mutigen.<\/p>\n<p>Vom inneren der Insel Elba bis zu den K\u00fcsten werden die Trekking Liebhaber durch Kastanienw\u00e4lder und Macchia-Gew\u00e4chse gef\u00fchrt, um ein Spektakel ohne deren Gleichen zu bewundern, vom unendlichen Horizont \u00fcber dem Meer mit seinen unglaublichen Farben vom Tiefblau bis hin zum Smaragdgr\u00fcn, und auf den Wellen des Meeres wei\u00dfe tanzende Perlen und dar\u00fcber hinweg andere Inseln die zusammen mit unserem kleinen Paradies den toskanischen Archipel formen.[\/vc_column_text][\/vc_column][\/vc_row][vc_row full_width=&#8220;stretch_row_content_no_spaces&#8220; equal_height=&#8220;yes&#8220; css=&#8220;.vc_custom_1575645711302{background-color: #f1f0ed !important;}&#8220;][vc_column width=&#8220;1\/2&#8243;][vc_column_text css=&#8220;.vc_custom_1584615889912{padding-top: 5% !important;padding-right: 5% !important;padding-bottom: 5% !important;padding-left: 5% !important;}&#8220;]Viele Pfaden f\u00fchren durch unsere Geschichte hindurch, eine Geschichte aus Invasionen und Kriegen, Kunst und Armut, erz\u00e4hlen von einem bescheidenen Volk aus Fischern oder einfachen Bauern, gro\u00dfen Imperatoren und wichtigen Gouverneuren , von Musikern und Malern. Pfade, welche die Eisen- und Pyrit Minen durchwandern, an Weinbergen entlang ziehen, botanischen G\u00e4rten, Heiligt\u00fcmern der Schmetterlinge und Granit-Steinbr\u00fcchen.<\/p>\n<p>Man trifft auf alte, pr\u00e4historische Grotten, antike Ruinen von r\u00f6mischen Villen und Festungen aus der Etruskerzeit die \u00fcber die H\u00e4fen wachten, man findet antike Unterschl\u00fcpfe der Sch\u00e4fer und kleine Befestigungen von Soldaten um sich vor dem Feind zu sch\u00fctzen.[\/vc_column_text][\/vc_column][vc_column width=&#8220;1\/2&#8243; css=&#8220;.vc_custom_1575645682615{margin-bottom: 0px !important;}&#8220;][vc_single_image image=&#8220;2095&#8243; img_size=&#8220;large&#8220; css=&#8220;.vc_custom_1575645766613{margin-bottom: 0px !important;}&#8220;][\/vc_column][\/vc_row][vc_row full_width=&#8220;stretch_row_content_no_spaces&#8220; equal_height=&#8220;yes&#8220;][vc_column width=&#8220;1\/2&#8243; css=&#8220;.vc_custom_1579592048503{margin-bottom: 0px !important;}&#8220;][vc_video link=&#8220;https:\/\/youtu.be\/neP35T5DuAQ&#8220; align=&#8220;center&#8220; css=&#8220;.vc_custom_1579592076259{margin-bottom: 0px !important;}&#8220;][\/vc_column][vc_column width=&#8220;1\/2&#8243; css=&#8220;.vc_custom_1579592218259{padding-top: 5% !important;padding-right: 5% !important;padding-bottom: 0px !important;padding-left: 5% !important;}&#8220;][vc_empty_space height=&#8220;50px&#8220;]\t\t\t<div\r\n\t\t\t\tclass=\"main_title  text-left  mt_wave\">\r\n\t\t\t\t<h2 class=\"title\">Elba \u00fcber und unter dem Meer<\/h2>\r\n\t\t\t\t\t\t\t<\/div>\r\n\t\t[vc_column_text]Elba mit seiner zerkl\u00fcfteten K\u00fcste hat viele Grotten und kleine Buchten, und wenn die Leidenschaft dem Meer geh\u00f6rt, mit all seinen Schattierungen, dann ist das hier der richtige Platz. Mit uns kannst Du am besten Deine Leidenschaften leben und mit dem Motorboot Baiarda\u201c Ausfl\u00fcge machen, welches Dich an die s\u00fcdlichen K\u00fcsten der Insel bringt, wo Du das echte Meer atmen kannst, die lebendigsten Farben sehen oder Felsen beobachten kannst, sowie Grotten und wilde Tiere die unsere K\u00fcste bewohnen, wie die Kormorane, Kr\u00e4henscharben, Korsische M\u00f6we aber auch wilde Ziegen und Mufflons. Du kannst schnorcheln und die Vielzahl an farbigen Fischen und atemberaubende Meeresgr\u00fcnde bewundern. Du kannst im tiefen Blau baden, nur Meer und Sonne ein authentisches Paradies, oder Dich Taufen lassen, in Deinem ersten Tauchgang mit einem Lehrer, der Dir die ersten Lektionen erteilt und Dir im Wasser folgt um so die Wunder des Meeres in vollkommener Sicherheit zu erleben.<\/p>\n<p>F\u00fcr die leidenschaftlichsten Tauchg\u00e4nge f\u00fcr Dich begleitet Dich der Lehrer und Umweltf\u00fchrer des Nationalparks des toskanischen Archipels Flavio, der mit seiner Erfahrung, Leidenschaft und Professionalit\u00e4t viele unserer G\u00e4ste erobert hat und ihnen Erfahrungen schenkte, die sie immer im Herzen bei sich tragen.[\/vc_column_text][\/vc_column][\/vc_row][vc_row full_width=&#8220;stretch_row_content_no_spaces&#8220; equal_height=&#8220;yes&#8220; css=&#8220;.vc_custom_1575645582374{background-color: #f1f0ed !important;}&#8220;][vc_column width=&#8220;1\/2&#8243; css=&#8220;.vc_custom_1575645654087{padding-top: 5% !important;padding-right: 5% !important;padding-bottom: 5% !important;padding-left: 5% !important;}&#8220;][vc_empty_space height=&#8220;50px&#8220;]\t\t\t<div\r\n\t\t\t\tclass=\"main_title  text-left  mt_wave\">\r\n\t\t\t\t<h2 class=\"title\">Mountain Bike<\/h2>\r\n\t\t\t\t\t\t\t<\/div>\r\n\t\t[vc_column_text]Auch die Liebhaber der zwei Raeder kommen auf ihre Kosten denn unsere sch\u00f6ne Insel \u00f6ffnet ihre tiefe Seele all diejenigen die an der Natur einen essentiellen Wert ihres Lebens finden. Du findest jede Art von Pfad, vom leichten bis hin zum schwierigsten, beinahe eine Herausforderung zusammen mit deinem Fahrrad zu bew\u00e4ltigen die due hier gewinnen kannst. Du bef\u00e4hrst jedes Teil der Insel und wird tausende von verschiedenen Szenarien finden, die man nie aus dem Auto heraus sehen k\u00f6nnte.<\/p>\n<p>Es gibt viele Wettrennen die sogar auf einem hohen Niveau bekannt sind, wie der Legend Cup, Triathlon MTB Iron Tour Elba, Kolossal Triathlon MTB, Tagliagambe \u2013 Strassenrad, Elbaman, Conquistadores Cup da das Gel\u00e4nde unserer Insel international als Paradies f\u00fcr Zweir\u00e4der bekannt geworden ist<\/p>\n<p>Von unserem Hotel aus habt ihr die M\u00f6glichkeit einen kleinen Einblick in die Sch\u00f6nheiten der Pfade zu bekommen, indem man entlang der Landzunge mit dem Mountain Bike fahren kann, einfache Strecke aber wundersch\u00f6n, und ihr werdet so nach mehr Auskundschaft von unserer herrlichen Insel hungrig.[\/vc_column_text][\/vc_column][vc_column width=&#8220;1\/2&#8243;][vc_single_image image=&#8220;2107&#8243; img_size=&#8220;large&#8220; css=&#8220;.vc_custom_1576141017877{margin-bottom: 0px !important;}&#8220;][\/vc_column][\/vc_row][vc_row full_width=&#8220;stretch_row_content_no_spaces&#8220; css=&#8220;.vc_custom_1580817411123{padding-top: 30px !important;padding-bottom: 10px !important;background-color: #388251 !important;}&#8220; el_class=&#8220;banner-richiesta&#8220;][vc_column][vc_column_text]<\/p>\n<p style=\"text-align: center;\"><strong>Suchst Du nach Infos oder m\u00f6chtest Du einen Urlaub in unserem Hotel buchen? <\/strong> <a class=\"button\" href=\"\/de\/kontakte\/\">Sende eine Anfrage<\/a><\/p>\n<p>[\/vc_column_text][\/vc_column][\/vc_row]<\/p>\n<\/div>","protected":false},"excerpt":{"rendered":"<p>[vc_row full_width=&#8220;stretch_row_content_no_spaces&#8220;][vc_column][vc_single_image image=&#8220;3608&#8243; img_size=&#8220;full&#8220; alignment=&#8220;center&#8220;][\/vc_column][\/vc_row][vc_row][vc_column][vc_widget_sidebar sidebar_id=&#8220;zante_default_sidebar&#8220;][\/vc_column][\/vc_row][vc_row css=&#8220;.vc_custom_1592812669472{padding-top: 20px !important;padding-bottom: 50px !important;}&#8220;][vc_column][vc_column_text css=&#8220;.vc_custom_1584615872488{padding-top: -30px !important;}&#8220;]Die Insel Elba ist nicht nur Meer, sie ist reich an Geschichte, unber\u00fchrter Natur und das Gel\u00e4nde ist eine Vielfalt von Pfaden f\u00fcr alle Trekking Liebhaber. Strecken eingebettet im Gr\u00fcnen die von einer Seite zur anderen der Insel f\u00fchren, kurze oder lange [&hellip;]<\/p>\n","protected":false},"author":1,"featured_media":0,"parent":0,"menu_order":0,"comment_status":"closed","ping_status":"closed","template":"","meta":{"footnotes":""},"class_list":["post-2864","page","type-page","status-publish","hentry"],"_links":{"self":[{"href":"https:\/\/www.hotelcapodistella.it\/de\/wp-json\/wp\/v2\/pages\/2864","targetHints":{"allow":["GET"]}}],"collection":[{"href":"https:\/\/www.hotelcapodistella.it\/de\/wp-json\/wp\/v2\/pages"}],"about":[{"href":"https:\/\/www.hotelcapodistella.it\/de\/wp-json\/wp\/v2\/types\/page"}],"author":[{"embeddable":true,"href":"https:\/\/www.hotelcapodistella.it\/de\/wp-json\/wp\/v2\/users\/1"}],"replies":[{"embeddable":true,"href":"https:\/\/www.hotelcapodistella.it\/de\/wp-json\/wp\/v2\/comments?post=2864"}],"version-history":[{"count":5,"href":"https:\/\/www.hotelcapodistella.it\/de\/wp-json\/wp\/v2\/pages\/2864\/revisions"}],"predecessor-version":[{"id":3719,"href":"https:\/\/www.hotelcapodistella.it\/de\/wp-json\/wp\/v2\/pages\/2864\/revisions\/3719"}],"wp:attachment":[{"href":"https:\/\/www.hotelcapodistella.it\/de\/wp-json\/wp\/v2\/media?parent=2864"}],"curies":[{"name":"wp","href":"https:\/\/api.w.org\/{rel}","templated":true}]}}