{"id":2874,"date":"2019-12-04T12:37:10","date_gmt":"2019-12-04T11:37:10","guid":{"rendered":"http:\/\/www.hotelcapodistella.it\/traghetto\/"},"modified":"2025-04-17T10:42:43","modified_gmt":"2025-04-17T08:42:43","slug":"faehre","status":"publish","type":"page","link":"https:\/\/www.hotelcapodistella.it\/de\/faehre\/","title":{"rendered":"F\u00e4hre"},"content":{"rendered":"<div class=\"wpb-content-wrapper\"><p>[vc_row css=&#8220;.vc_custom_1579592304148{padding-top: 50px !important;padding-bottom: 50px !important;}&#8220;][vc_column][vc_column_text]<\/p>\n<p style=\"text-align: center;\">Fragen Sie nach dem DISCOUNT CODE und buchen Sie\u00a0<a href=\"https:\/\/www.hotelcapodistella.it\/de\/traghettilines\/\" rel=\"noopener\"><strong>MOBY\u00a0<\/strong><strong>und<\/strong><strong>\u00a0TOREMAR<\/strong><\/a> zu erm\u00e4\u00dfigten Preisen von 20% bis zu 35%: Klicken Sie auf die Bilder unten, um das Angebot zu nutzen.<\/p>\n<p>[\/vc_column_text][vc_single_image image=&#8220;3647&#8243; img_size=&#8220;medium&#8220; alignment=&#8220;center&#8220; onclick=&#8220;custom_link&#8220; css=&#8220;.vc_custom_1679303075547{margin-top: -30px !important;}&#8220; link=&#8220;https:\/\/www.hotelcapodistella.it\/de\/traghettilines\/&#8220;][vc_column_text]<\/p>\n<p style=\"text-align: center;\">Mit\u00a0<b><a href=\"https:\/\/www.hotelcapodistella.it\/de\/traghettiper\/\">TraghettiPer<\/a>\u00a0<\/b>k\u00f6nnen Sie bei ALLEN F\u00e4hrgesellschaften zu ERM\u00c4SSIGTEN Preisen buchen.<\/p>\n<p>[\/vc_column_text][vc_single_image image=&#8220;3651&#8243; img_size=&#8220;medium&#8220; alignment=&#8220;center&#8220; onclick=&#8220;custom_link&#8220; link=&#8220;https:\/\/www.hotelcapodistella.it\/de\/traghettiper\/&#8220;][vc_column_text css=&#8220;.vc_custom_1744879311722{margin-top: 15px !important;}&#8220;]<\/p>\n<p style=\"text-align: center;\">Buchen Sie die\u00a0<a href=\"https:\/\/www.hotelcapodistella.it\/de\/blunavy\/\">BLUNAVY<\/a>\u00a0F\u00e4hre direkt von hier aus mit dem RABATT-CODE.<\/p>\n<p>[\/vc_column_text][vc_single_image image=&#8220;3659&#8243; img_size=&#8220;medium&#8220; alignment=&#8220;center&#8220; onclick=&#8220;custom_link&#8220; css=&#8220;&#8220; link=&#8220;\/de\/blunavy\/&#8220;][\/vc_column][\/vc_row]<\/p>\n<\/div>","protected":false},"excerpt":{"rendered":"<p>[vc_row css=&#8220;.vc_custom_1579592304148{padding-top: 50px !important;padding-bottom: 50px !important;}&#8220;][vc_column][vc_column_text] Fragen Sie nach dem DISCOUNT CODE und buchen Sie\u00a0MOBY\u00a0und\u00a0TOREMAR zu erm\u00e4\u00dfigten Preisen von 20% bis zu 35%: Klicken Sie auf die Bilder unten, um das Angebot zu nutzen. [\/vc_column_text][vc_single_image image=&#8220;3647&#8243; img_size=&#8220;medium&#8220; alignment=&#8220;center&#8220; onclick=&#8220;custom_link&#8220; css=&#8220;.vc_custom_1679303075547{margin-top: -30px !important;}&#8220; link=&#8220;https:\/\/www.hotelcapodistella.it\/de\/traghettilines\/&#8220;][vc_column_text] Mit\u00a0TraghettiPer\u00a0k\u00f6nnen Sie bei ALLEN F\u00e4hrgesellschaften zu ERM\u00c4SSIGTEN Preisen buchen. [\/vc_column_text][vc_single_image image=&#8220;3651&#8243; img_size=&#8220;medium&#8220; [&hellip;]<\/p>\n","protected":false},"author":1,"featured_media":0,"parent":0,"menu_order":0,"comment_status":"closed","ping_status":"closed","template":"","meta":{"footnotes":""},"class_list":["post-2874","page","type-page","status-publish","hentry"],"_links":{"self":[{"href":"https:\/\/www.hotelcapodistella.it\/de\/wp-json\/wp\/v2\/pages\/2874","targetHints":{"allow":["GET"]}}],"collection":[{"href":"https:\/\/www.hotelcapodistella.it\/de\/wp-json\/wp\/v2\/pages"}],"about":[{"href":"https:\/\/www.hotelcapodistella.it\/de\/wp-json\/wp\/v2\/types\/page"}],"author":[{"embeddable":true,"href":"https:\/\/www.hotelcapodistella.it\/de\/wp-json\/wp\/v2\/users\/1"}],"replies":[{"embeddable":true,"href":"https:\/\/www.hotelcapodistella.it\/de\/wp-json\/wp\/v2\/comments?post=2874"}],"version-history":[{"count":5,"href":"https:\/\/www.hotelcapodistella.it\/de\/wp-json\/wp\/v2\/pages\/2874\/revisions"}],"predecessor-version":[{"id":4376,"href":"https:\/\/www.hotelcapodistella.it\/de\/wp-json\/wp\/v2\/pages\/2874\/revisions\/4376"}],"wp:attachment":[{"href":"https:\/\/www.hotelcapodistella.it\/de\/wp-json\/wp\/v2\/media?parent=2874"}],"curies":[{"name":"wp","href":"https:\/\/api.w.org\/{rel}","templated":true}]}}