{"id":4103,"date":"2023-11-17T15:00:29","date_gmt":"2023-11-17T14:00:29","guid":{"rendered":"https:\/\/www.hotelcapodistella.it\/servizi\/"},"modified":"2026-01-15T10:40:03","modified_gmt":"2026-01-15T09:40:03","slug":"dienstleistungen","status":"publish","type":"page","link":"https:\/\/www.hotelcapodistella.it\/de\/dienstleistungen\/","title":{"rendered":"Dienstleistungen"},"content":{"rendered":"<div class=\"wpb-content-wrapper\"><p>[vc_row full_width=&#8220;stretch_row_content_no_spaces&#8220;][vc_column][vc_single_image image=&#8220;4071&#8243; img_size=&#8220;full&#8220; alignment=&#8220;center&#8220; css=&#8220;.vc_custom_1707307687264{margin-bottom: 0px !important;}&#8220;][\/vc_column][\/vc_row][vc_row full_width=&#8220;stretch_row&#8220; css=&#8220;.vc_custom_1666276650073{margin-top: 30px !important;}&#8220;][vc_column][vc_widget_sidebar sidebar_id=&#8220;zante_default_sidebar&#8220;][\/vc_column][\/vc_row][vc_row full_width=&#8220;stretch_row&#8220; gap=&#8220;20&#8243; css=&#8220;.vc_custom_1700230131005{padding-top: 20px !important;}&#8220;][vc_column width=&#8220;1\/2&#8243; offset=&#8220;vc_hidden-md vc_hidden-sm vc_hidden-xs&#8220;]\t\t\t<div\r\n\t\t\t\tclass=\"main_title  text-left  mt_wave\">\r\n\t\t\t\t<h2 class=\"title\">Die Dienstleistungen im Hotel Capo di Stella<\/h2>\r\n\t\t\t\t\t\t\t<\/div>\r\n\t\t[vc_column_text]Unser Personal am Empfang stet immer zur Verf\u00fcgung um unseren G\u00e4sten jegliche Informationen zu erteilen, damit es ihnen erlaubt wird, unsere herrliche Insel in fantastischer Weise zu erleben: die sehenswertesten Orte, D\u00f6rfer, Strecken, historische Ortschaften und Museen, etc.<\/p>\n<p>Au\u00dferdem stehen wir immer zur Verf\u00fcgung um Infos \u00fcber Ausfl\u00fcge, Busfahrzeiten, Uhrzeiten der Gottesdienste, Restaurants der verschiedenen Orte, Tage der Wochenm\u00e4rkte, kleine sportliche, oder traditionsgem\u00e4\u00dfe Veranstaltungen zu geben.<\/p>\n<p>Wir bieten einen <a href=\"\/de\/faehre\/\">Service als Ticketschalter der F\u00e4hren<\/a> und Infos \u00fcber Tarife und Uhrzeiten der Abfahrten. Wer in unserem Hotel einen Aufenthalt bucht, kann \u00fcber einen Rabatt des F\u00e4hrtickets verf\u00fcgen, den wir mit E-Mail zusammen mit den notwendigen Anweisungen senden werden.<\/p>\n<p>Transportmittelverleih: es ist m\u00f6glich Autos, Scooter und Fahrr\u00e4der oder Boote von jeder Art direkt am Empfang zu buchen.<\/p>\n<p>An der Rezeption k\u00f6nnen auch Ausfl\u00fcge gebucht werden, wie Tauchen, Bootsfahrten oder Schnorchelg\u00e4nge, mit dem mit uns verb\u00fcndetem Diving Center.<\/p>\n<p><strong>Denn das Meer bedeutet nicht nur Strand und die K\u00fcsten vom Meer aus zu bewundern, ist paradiesisch und wird f\u00fcr immer in Euren Augen!<\/strong>[\/vc_column_text][\/vc_column][vc_column width=&#8220;1\/2&#8243;][vc_empty_space][vc_single_image image=&#8220;2798&#8243; img_size=&#8220;full&#8220; css=&#8220;.vc_custom_1707311438825{margin-bottom: 0px !important;}&#8220;][\/vc_column][\/vc_row][vc_row full_width=&#8220;stretch_row&#8220; gap=&#8220;20&#8243; css=&#8220;.vc_custom_1700230131005{padding-top: 20px !important;}&#8220;][vc_column width=&#8220;1\/2&#8243; offset=&#8220;vc_hidden-md vc_hidden-sm vc_hidden-xs&#8220;][vc_single_image image=&#8220;3073&#8243; img_size=&#8220;full&#8220; css=&#8220;.vc_custom_1768467091649{margin-bottom: 0px !important;}&#8220;][\/vc_column][vc_column width=&#8220;1\/2&#8243;]\t\t\t<div\r\n\t\t\t\tclass=\"main_title  text-left  mt_wave\">\r\n\t\t\t\t<h2 class=\"title\">Halbpension<\/h2>\r\n\t\t\t\t\t\t\t<\/div>\r\n\t\t[vc_column_text css=&#8220;&#8220;]Das Hotel Capo di Stella bietet einen Halbpensionsservice f\u00fcr G\u00e4ste, die ihren Aufenthalt besonders komfortabel gestalten m\u00f6chten.<br \/>\nDie Leistung umfasst das Abendessen, das jeden Abend im hoteleigenen Restaurant serviert wird, mit t\u00e4glichem Men\u00fc und der M\u00f6glichkeit, auf Anfrage spezielle Gerichte f\u00fcr Kinder zu erhalten.<\/p>\n<p>Eine praktische und angenehme L\u00f6sung, ideal, um nach einem Tag am Meer in die Unterkunft zur\u00fcckzukehren und den Abend in v\u00f6lliger Entspannung zu genie\u00dfen.[\/vc_column_text][vc_empty_space height=&#8220;15px&#8220;]\r\n        \r\n        <style>\r\n\t\t\t\t#btn-container-k8sbe {\r\n\t\t\t\t\tfont-size: 16px;\r\n\t\t\t\t\tfont-weight: bold;\r\n\t\t\t\t}\r\n        #btn-k8sbe {\r\n        \tbackground: #388251;\r\n\t\t\t\t\tborder-style: solid;\r\n        \tborder-color: #388251;\r\n\t\t\t\t\tborder-width: 1px;\r\n        \tcolor: #ffffff;\r\n\t\t\t\t\tpadding: 20px 20px;\r\n\t\t\t\t\tborder-radius: 2px;\r\n\t\t\t\t\tfont-size: 16px;\r\n\t\t\t\t\tline-height: 16px;\r\n\t\t\t\t\t\t\t\t\t\t\t\t\t\t\tfont-weight: bold;\r\n        }\r\n\r\n\t\t\t\t#btn-k8sbe:hover {\r\n\t\t\t\t\tbackground: #388251;\r\n\t\t\t\t\tborder-color: #388251;\r\n\t\t\t\t\tcolor: #ffffff;\r\n\t\t\t\t\t\t\t\t\t\t\t\t\t\t\t\r\n\t\t\t\t}\r\n\r\n\t\t    #btn-k8sbe i {\r\n\t\t\t\t\tright: 14px;\r\n\t\t\t\t\tmargin-top: 0;\r\n\t\t\t\t\tvertical-align: middle;\r\n\t\t\t\t\tborder-radius: 50%;\r\n\t\t\t\t\tline-height: 20px;\r\n\t\t\t\t\theight: 20px;\r\n\t\t\t\t\twidth: 20px;\r\n\t\t\t\t\tbackground: #1dc1f8;\r\n\t\t\t\t\tmargin-left: 8px;\r\n\t\t\t\t\tmargin-right: 0;\r\n\t\t\t\t\tcolor: #ffffff;\r\n\t\t\t\t\tfont-size: 8px;\r\n\t\t\t\t\ttext-align: center;\r\n\t\t\t\t}\r\n\r\n\t\t\t\t #btn-k8sbe:hover i {\r\n\t\t\t\t \tbackground: #ffffff;\r\n\t\t\t\t\tcolor: #1dc1f8;\r\n\t\t\t\t }\r\n\r\n        <\/style>\r\n\r\n\t\t<!-- BUTTON -->\r\n        <div id=\"btn-container-k8sbe\" class=\"text-left\">\r\n\t\t\t\r\n\t\t\t\t\t<a href=\"\/ristorante\/\" id=\"btn-k8sbe\" class=\"btn \" target=\"_self\">\r\n\t\t\t\t\t\tIl nostro ristorante\t\t\t\t\t\t\t\t\t\t\t<\/a>\r\n\t\t\t\t\t        <\/div>\r\n\r\n        [\/vc_column][\/vc_row][vc_row full_width=&#8220;stretch_row&#8220; css=&#8220;.vc_custom_1592810516402{padding-top: 20px !important;}&#8220;][vc_column][vc_empty_space]\t\t\t<div\r\n\t\t\t\tclass=\"main_title  text-left  mt_wave\">\r\n\t\t\t\t<h2 class=\"title\">Fr\u00fchst\u00fcck im Hotel<\/h2>\r\n\t\t\t\t\t\t\t<\/div>\r\n\t\t[vc_column_text css=&#8220;&#8220;]In unserem Hotel glauben wir, dass jeder Urlaubstag so k\u00f6stlich und entspannend wie m\u00f6glich beginnen sollte. Der Fr\u00fchst\u00fccksraum mit seinem atemberaubenden Meerblick bietet den perfekten Rahmen, um den Tag mit Genuss zu beginnen.<\/p>\n<p>Stellen Sie sich vor, Sie genie\u00dfen eine Auswahl k\u00f6stlicher Gerichte, begleitet vom beruhigenden Rauschen der Wellen und dem goldenen Morgenlicht. Jedes Detail wurde gestaltet, um Ihnen ein einzigartiges Erlebnis zu bieten, mit reichhaltigen und gro\u00dfz\u00fcgigen Angeboten, die jeden Geschmack zufriedenstellen.<\/p>\n<p>In unserem Buffet bieten wir eine Vielzahl von k\u00f6stlichen Spezialit\u00e4ten wie frisch gebackene Brioches, hausgemachte Elbaner Kuchen, Corolli, Kuchen, S\u00fc\u00dfgeb\u00e4ck, Kuchen und Kekse, Zwieback und vieles mehr, das mit Marmeladen, Schokolade oder Honig serviert werden kann. F\u00fcr Liebhaber von herzhaften Speisen bieten wir Aufschnitt, K\u00e4se und Eier. Glutenfreie und laktosefreie Produkte sind immer auf unserem Fr\u00fchst\u00fccksbuffet erh\u00e4ltlich.<\/p>\n<p><strong>Fr\u00fchst\u00fcckszeiten: 7:30 \u2013 10:00 Uhr.<\/strong><\/p>\n<p>Lassen Sie sich von den Aromen und D\u00fcften unseres Buffets verw\u00f6hnen und beginnen Sie den Tag mit Energie und Genuss im vollen Komfort unseres Hotels.[\/vc_column_text][\/vc_column][\/vc_row][vc_row full_width=&#8220;stretch_row_content_no_spaces&#8220; equal_height=&#8220;yes&#8220; css=&#8220;.vc_custom_1623137553064{padding-bottom: 50px !important;}&#8220;][vc_column][vc_media_grid element_width=&#8220;2&#8243; gap=&#8220;10&#8243; css=&#8220;&#8220; grid_id=&#8220;vc_gid:1768469793841-303c5ac7-7bb0-0&#8243; include=&#8220;4327,4076,4080,4084,4331,4335&#8243;][\/vc_column][\/vc_row][vc_row][vc_column width=&#8220;1\/2&#8243;][vc_empty_space][vc_column_text css=&#8220;&#8220;]<strong><img loading=\"lazy\" decoding=\"async\" class=\"alignleft wp-image-2012\" src=\"http:\/\/www.hotelcapodistella.it\/wp-content\/uploads\/2019\/12\/logo-senza-glutine.png\" alt=\"\" width=\"75\" height=\"75\" srcset=\"https:\/\/www.hotelcapodistella.it\/wp-content\/uploads\/2019\/12\/logo-senza-glutine.png 200w, https:\/\/www.hotelcapodistella.it\/wp-content\/uploads\/2019\/12\/logo-senza-glutine-150x150.png 150w, https:\/\/www.hotelcapodistella.it\/wp-content\/uploads\/2019\/12\/logo-senza-glutine-80x80.png 80w\" sizes=\"auto, (max-width: 75px) 100vw, 75px\" \/>Spezielle Gluten Free\/Intoleranten<\/strong>: G\u00e4ste mit Gluten- oder anderen Lebensmittelunvertr\u00e4glichkeiten sind herzlich willkommen. Wenn Sie dem Empfangspersonal Ihre speziellen Ern\u00e4hrungsbed\u00fcrfnisse mitteilen, k\u00f6nnen Sie ein Fr\u00fchst\u00fcck genie\u00dfen, das ohne die unvertr\u00e4glichen Substanzen und unter Einhaltung der Lebensmittelvorschriften zubereitet wird.[\/vc_column_text][vc_column_text css=&#8220;&#8220;]<img loading=\"lazy\" decoding=\"async\" class=\"alignleft wp-image-2012\" src=\"\/wp-content\/uploads\/2024\/11\/restaurant.png\" alt=\"\" width=\"75\" height=\"75\" \/><strong>Restaurantservice:<\/strong> Gruppen, die in unserem Hotel \u00fcbernachten, k\u00f6nnen den Restaurantservice nutzen. Das Hotel Capo di Stella hat au\u00dferdem Vereinbarungen mit einigen der besten Restaurants in der Region.[\/vc_column_text][\/vc_column][vc_column width=&#8220;1\/2&#8243;][vc_single_image image=&#8220;4331&#8243; img_size=&#8220;large&#8220; css=&#8220;&#8220;][\/vc_column][\/vc_row][vc_row equal_height=&#8220;yes&#8220; css=&#8220;.vc_custom_1579591514472{padding-bottom: 50px !important;}&#8220;][vc_column][vc_empty_space][vc_row_inner][vc_column_inner width=&#8220;1\/6&#8243;][vc_icon icon_fontawesome=&#8220;fas fa-ship&#8220; color=&#8220;custom&#8220; size=&#8220;lg&#8220; align=&#8220;center&#8220; custom_color=&#8220;#388251&#8243; link=&#8220;url:%2Ftraghetti%2F&#8220;][vc_column_text]<\/p>\n<p style=\"text-align: center;\"><a href=\"\/de\/faehre\/\"><strong>F\u00e4hrbuchung<\/strong><\/a><\/p>\n<p>[\/vc_column_text][\/vc_column_inner][vc_column_inner width=&#8220;1\/6&#8243;][vc_icon icon_fontawesome=&#8220;fas fa-glass-martini&#8220; color=&#8220;custom&#8220; size=&#8220;lg&#8220; align=&#8220;center&#8220; custom_color=&#8220;#388251&#8243;][vc_column_text]<\/p>\n<p style=\"text-align: center;\"><strong>Bar<\/strong><\/p>\n<p>[\/vc_column_text][\/vc_column_inner][vc_column_inner width=&#8220;1\/6&#8243;][vc_icon icon_fontawesome=&#8220;fas fa-swimmer&#8220; color=&#8220;custom&#8220; size=&#8220;lg&#8220; align=&#8220;center&#8220; custom_color=&#8220;#388251&#8243;][vc_column_text]<\/p>\n<p style=\"text-align: center;\"><strong>Benutzung des Pools<\/strong><\/p>\n<p>[\/vc_column_text][\/vc_column_inner][vc_column_inner width=&#8220;1\/6&#8243;][vc_icon icon_fontawesome=&#8220;fas fa-umbrella-beach&#8220; color=&#8220;custom&#8220; size=&#8220;lg&#8220; align=&#8220;center&#8220; custom_color=&#8220;#388251&#8243;][vc_column_text]<\/p>\n<p style=\"text-align: center;\"><strong>Solarium<\/strong><\/p>\n<p>[\/vc_column_text][\/vc_column_inner][vc_column_inner width=&#8220;1\/6&#8243;][vc_icon icon_fontawesome=&#8220;fas fa-shower&#8220; color=&#8220;custom&#8220; size=&#8220;lg&#8220; align=&#8220;center&#8220; custom_color=&#8220;#388251&#8243;][vc_column_text]<\/p>\n<p style=\"text-align: center;\"><strong>Gemeinn\u00fctzliches Bad und Au\u00dfenduschen<\/strong><\/p>\n<p>[\/vc_column_text][\/vc_column_inner][vc_column_inner width=&#8220;1\/6&#8243;][vc_icon icon_fontawesome=&#8220;fas fa-luggage-cart&#8220; color=&#8220;custom&#8220; size=&#8220;lg&#8220; align=&#8220;center&#8220; custom_color=&#8220;#388251&#8243;][vc_column_text]<\/p>\n<p style=\"text-align: center;\"><strong>Gep\u00e4ck- Depot<\/strong><\/p>\n<p>[\/vc_column_text][\/vc_column_inner][\/vc_row_inner][vc_row_inner][vc_column_inner width=&#8220;1\/6&#8243;][vc_icon icon_fontawesome=&#8220;fas fa-spa&#8220; color=&#8220;custom&#8220; size=&#8220;lg&#8220; align=&#8220;center&#8220; custom_color=&#8220;#388251&#8243;][vc_column_text]<\/p>\n<p style=\"text-align: center;\"><strong>Massagen im Zimmer<\/strong><\/p>\n<p>[\/vc_column_text][\/vc_column_inner][vc_column_inner width=&#8220;1\/6&#8243;][vc_icon icon_fontawesome=&#8220;fas fa-bicycle&#8220; color=&#8220;custom&#8220; size=&#8220;lg&#8220; align=&#8220;center&#8220; custom_color=&#8220;#388251&#8243;][vc_column_text]<\/p>\n<p style=\"text-align: center;\"><strong>E-Bike-Verleih<\/strong><\/p>\n<p>[\/vc_column_text][\/vc_column_inner][vc_column_inner width=&#8220;1\/6&#8243;][vc_icon icon_fontawesome=&#8220;fas fa-anchor&#8220; color=&#8220;custom&#8220; size=&#8220;lg&#8220; align=&#8220;center&#8220; custom_color=&#8220;#388251&#8243;][vc_column_text]<\/p>\n<p style=\"text-align: center;\"><strong>Bootsausfl\u00fcge<\/strong><\/p>\n<p>[\/vc_column_text][\/vc_column_inner][vc_column_inner width=&#8220;1\/6&#8243;][vc_icon icon_fontawesome=&#8220;fas fa-water&#8220; color=&#8220;custom&#8220; size=&#8220;lg&#8220; align=&#8220;center&#8220; custom_color=&#8220;#388251&#8243;][vc_column_text]<\/p>\n<p style=\"text-align: center;\"><strong>Tauchen \/ Schnorcheln<\/strong><\/p>\n<p>[\/vc_column_text][\/vc_column_inner][vc_column_inner width=&#8220;1\/6&#8243;][vc_icon icon_fontawesome=&#8220;fas fa-horse&#8220; color=&#8220;custom&#8220; size=&#8220;lg&#8220; align=&#8220;center&#8220; custom_color=&#8220;#388251&#8243;][vc_column_text]<\/p>\n<p style=\"text-align: center;\"><strong>Reiten<\/strong><\/p>\n<p>[\/vc_column_text][\/vc_column_inner][vc_column_inner width=&#8220;1\/6&#8243;][vc_icon icon_fontawesome=&#8220;fas fa-wine-glass-alt&#8220; color=&#8220;custom&#8220; size=&#8220;lg&#8220; align=&#8220;center&#8220; custom_color=&#8220;#388251&#8243;][vc_column_text]<\/p>\n<p style=\"text-align: center;\"><strong>Weinerlebnis<\/strong><\/p>\n<p>[\/vc_column_text][\/vc_column_inner][\/vc_row_inner][\/vc_column][\/vc_row][vc_row full_width=&#8220;stretch_row_content_no_spaces&#8220; css=&#8220;.vc_custom_1580817411123{padding-top: 30px !important;padding-bottom: 10px !important;background-color: #388251 !important;}&#8220; el_class=&#8220;banner-richiesta&#8220;][vc_column][vc_column_text]<strong>Suchst Du nach Infos oder m\u00f6chtest Du einen Urlaub in unserem Hotel buchen? \u00a0<\/strong> <a class=\"button\" href=\"https:\/\/www.hotelcapodistella.it\/de\/kontakte\/\">Sende eine Anfrage<\/a>[\/vc_column_text][\/vc_column][\/vc_row]<\/p>\n<\/div>","protected":false},"excerpt":{"rendered":"<p>[vc_row full_width=&#8220;stretch_row_content_no_spaces&#8220;][vc_column][vc_single_image image=&#8220;4071&#8243; img_size=&#8220;full&#8220; alignment=&#8220;center&#8220; css=&#8220;.vc_custom_1707307687264{margin-bottom: 0px !important;}&#8220;][\/vc_column][\/vc_row][vc_row full_width=&#8220;stretch_row&#8220; css=&#8220;.vc_custom_1666276650073{margin-top: 30px !important;}&#8220;][vc_column][vc_widget_sidebar sidebar_id=&#8220;zante_default_sidebar&#8220;][\/vc_column][\/vc_row][vc_row full_width=&#8220;stretch_row&#8220; gap=&#8220;20&#8243; css=&#8220;.vc_custom_1700230131005{padding-top: 20px !important;}&#8220;][vc_column width=&#8220;1\/2&#8243; offset=&#8220;vc_hidden-md vc_hidden-sm vc_hidden-xs&#8220;][vc_column_text]Unser Personal am Empfang stet immer zur Verf\u00fcgung um unseren G\u00e4sten jegliche Informationen zu erteilen, damit es ihnen erlaubt wird, unsere herrliche Insel in fantastischer Weise zu erleben: die sehenswertesten Orte, D\u00f6rfer, Strecken, historische [&hellip;]<\/p>\n","protected":false},"author":1,"featured_media":0,"parent":0,"menu_order":0,"comment_status":"closed","ping_status":"closed","template":"","meta":{"footnotes":""},"class_list":["post-4103","page","type-page","status-publish","hentry"],"_links":{"self":[{"href":"https:\/\/www.hotelcapodistella.it\/de\/wp-json\/wp\/v2\/pages\/4103","targetHints":{"allow":["GET"]}}],"collection":[{"href":"https:\/\/www.hotelcapodistella.it\/de\/wp-json\/wp\/v2\/pages"}],"about":[{"href":"https:\/\/www.hotelcapodistella.it\/de\/wp-json\/wp\/v2\/types\/page"}],"author":[{"embeddable":true,"href":"https:\/\/www.hotelcapodistella.it\/de\/wp-json\/wp\/v2\/users\/1"}],"replies":[{"embeddable":true,"href":"https:\/\/www.hotelcapodistella.it\/de\/wp-json\/wp\/v2\/comments?post=4103"}],"version-history":[{"count":5,"href":"https:\/\/www.hotelcapodistella.it\/de\/wp-json\/wp\/v2\/pages\/4103\/revisions"}],"predecessor-version":[{"id":4517,"href":"https:\/\/www.hotelcapodistella.it\/de\/wp-json\/wp\/v2\/pages\/4103\/revisions\/4517"}],"wp:attachment":[{"href":"https:\/\/www.hotelcapodistella.it\/de\/wp-json\/wp\/v2\/media?parent=4103"}],"curies":[{"name":"wp","href":"https:\/\/api.w.org\/{rel}","templated":true}]}}