{"id":2835,"date":"2018-02-17T13:08:13","date_gmt":"2018-02-17T12:08:13","guid":{"rendered":"http:\/\/www.hotelcapodistella.it\/hotel\/"},"modified":"2024-05-28T11:11:00","modified_gmt":"2024-05-28T09:11:00","slug":"hotel","status":"publish","type":"page","link":"https:\/\/www.hotelcapodistella.it\/fr\/hotel\/","title":{"rendered":"H\u00f4tel"},"content":{"rendered":"<div class=\"wpb-content-wrapper\"><p>[vc_row full_width=\u00a0\u00bbstretch_row_content_no_spaces\u00a0\u00bb][vc_column][vc_single_image image=\u00a0\u00bb3568&Prime; img_size=\u00a0\u00bbfull\u00a0\u00bb alignment=\u00a0\u00bbcenter\u00a0\u00bb][\/vc_column][\/vc_row][vc_row css=\u00a0\u00bb.vc_custom_1684746691314{margin-top: 30px !important;}\u00a0\u00bb][vc_column][vc_widget_sidebar sidebar_id=\u00a0\u00bbzante_default_sidebar\u00a0\u00bb][\/vc_column][\/vc_row][vc_row full_width=\u00a0\u00bbstretch_row\u00a0\u00bb css=\u00a0\u00bb.vc_custom_1592812858969{padding-top: 20px !important;}\u00a0\u00bb][vc_column width=\u00a0\u00bb1\/2&Prime;]\t\t\t<div\r\n\t\t\t\tclass=\"main_title  text-left  mt_wave\">\r\n\t\t\t\t<h2 class=\"title\">H\u00f4tel situ\u00e9 sur le promontoire de Capo di Stella \u00e0 l&#039;Ile d&#039;Elbe<\/h2>\r\n\t\t\t\t\t\t\t<\/div>\r\n\t\t[vc_column_text]L\u2019<strong>H\u00f4tel Capo di Stella<\/strong> vous accueille au sein d&rsquo;une vaste zone de r\u00e9ception divis\u00e9e entre bureau check-in et bureau d&rsquo;informations o\u00f9 sont disponibles toutes les brochures concernant l&rsquo;\u00eele mais aussi d&rsquo;autres th\u00e8mes.<\/p>\n<p>L&rsquo;h\u00f4tel dispose d&rsquo;une piscine et d&rsquo;un bar parfait pour se d\u00e9tendre et profiter de la tranquillit\u00e9 du lieu. Pr\u00e9sents \u00e9galement un restaurant avec une vue \u00e0 couper le souffle, un parking \u00e0 c\u00f4t\u00e9 de la r\u00e9ception ainsi que d&rsquo;un second parking en sous-sol, tous deux \u00e0 acc\u00e8s libre et non surveill\u00e9s.[\/vc_column_text][\/vc_column][vc_column width=\u00a0\u00bb1\/2&Prime;][vc_single_image image=\u00a0\u00bb3109&Prime; img_size=\u00a0\u00bblarge\u00a0\u00bb][\/vc_column][\/vc_row][vc_row][vc_column width=\u00a0\u00bb5\/6&Prime;][vc_column_text css=\u00a0\u00bb\u00a0\u00bb]<strong>Animaux:<\/strong><\/p>\n<p>L&rsquo;H\u00f4tel Capo di Stella est heureux d&rsquo;accueillir tous les clients qui d\u00e9sirent venir accompagn\u00e9s de leurs amis \u00e0 4 pattes (chiens, chats, etc.). Les animaux ont acc\u00e8s \u00e0 tous les espaces de l&rsquo;h\u00f4tel, sauf \u00e0 la piscine.<br \/>\nLa pr\u00e9sence de votre animal de compagnie doit \u00eatre communiqu\u00e9e au moment de votre r\u00e9servation. Un suppl\u00e9ment de 10 \u20ac par jour et par animal est pr\u00e9vu.[\/vc_column_text][\/vc_column][vc_column width=\u00a0\u00bb1\/6&Prime;][vc_single_image image=\u00a0\u00bb2277&Prime; img_size=\u00a0\u00bbfull\u00a0\u00bb][\/vc_column][\/vc_row][vc_row][vc_column]\r\n        \r\n        <style>\r\n\t\t\t\t#btn-container-21PnL {\r\n\t\t\t\t\tfont-size: 16px;\r\n\t\t\t\t\tfont-weight: bold;\r\n\t\t\t\t}\r\n        #btn-21PnL {\r\n        \tbackground: #388251;\r\n\t\t\t\t\tborder-style: solid;\r\n        \tborder-color: #388251;\r\n\t\t\t\t\tborder-width: 2px;\r\n        \tcolor: #ffffff;\r\n\t\t\t\t\tpadding: 20px 20px;\r\n\t\t\t\t\tborder-radius: 1px;\r\n\t\t\t\t\tfont-size: 16px;\r\n\t\t\t\t\tline-height: 16px;\r\n\t\t\t\t\t\t\t\t\t\t\t\t\t\t\tfont-weight: bold;\r\n        }\r\n\r\n\t\t\t\t#btn-21PnL:hover {\r\n\t\t\t\t\tbackground: #388251;\r\n\t\t\t\t\tborder-color: #388251;\r\n\t\t\t\t\tcolor: #ffffff;\r\n\t\t\t\t\t\t\t\t\t\t\t\t\t\t\t\r\n\t\t\t\t}\r\n\r\n\t\t    #btn-21PnL i {\r\n\t\t\t\t\tright: 14px;\r\n\t\t\t\t\tmargin-top: 0;\r\n\t\t\t\t\tvertical-align: middle;\r\n\t\t\t\t\tborder-radius: 50%;\r\n\t\t\t\t\tline-height: 20px;\r\n\t\t\t\t\theight: 20px;\r\n\t\t\t\t\twidth: 20px;\r\n\t\t\t\t\tbackground: #1dc1f8;\r\n\t\t\t\t\tmargin-left: 8px;\r\n\t\t\t\t\tmargin-right: 0;\r\n\t\t\t\t\tcolor: #ffffff;\r\n\t\t\t\t\tfont-size: 8px;\r\n\t\t\t\t\ttext-align: center;\r\n\t\t\t\t}\r\n\r\n\t\t\t\t #btn-21PnL:hover i {\r\n\t\t\t\t \tbackground: #ffffff;\r\n\t\t\t\t\tcolor: #1dc1f8;\r\n\t\t\t\t }\r\n\r\n        <\/style>\r\n\r\n\t\t<!-- BUTTON -->\r\n        <div id=\"btn-container-21PnL\" class=\"text-center\">\r\n\t\t\t\r\n\t\t\t\t\t<a href=\"\/fr\/services\/\" id=\"btn-21PnL\" class=\"btn \" target=\"_self\">\r\n\t\t\t\t\t\tNos Services\t\t\t\t\t\t\t\t\t\t\t<\/a>\r\n\t\t\t\t\t        <\/div>\r\n\r\n        [\/vc_column][\/vc_row][vc_row full_width=\u00a0\u00bbstretch_row_content_no_spaces\u00a0\u00bb equal_height=\u00a0\u00bbyes\u00a0\u00bb][vc_column][vc_empty_space][vc_media_grid element_width=\u00a0\u00bb3&Prime; gap=\u00a0\u00bb20&Prime; grid_id=\u00a0\u00bbvc_gid:1716887448743-87fe9a68-e290-7&Prime; include=\u00a0\u00bb3144,3148,3152,3140,3165,3169,3135,3131,3114,3118,3122,3126,3177,3161,3157,3173&Prime;][\/vc_column][\/vc_row][vc_row full_width=\u00a0\u00bbstretch_row_content_no_spaces\u00a0\u00bb css=\u00a0\u00bb.vc_custom_1707391098851{padding-top: 30px !important;padding-bottom: 10px !important;background-color: #388251 !important;}\u00a0\u00bb el_class=\u00a0\u00bbbanner-richiesta\u00a0\u00bb][vc_column][vc_column_text]<\/p>\n<p style=\"text-align: center;\"><strong>Vous souhaitez des informations suppl\u00e9mentaires ou faire une r\u00e9servation dans notre h\u00f4tel? <\/strong> <a class=\"button\" href=\"\/fr\/contacts\/\">Veuillez transmettre votre demande<\/a><\/p>\n<p>[\/vc_column_text][\/vc_column][\/vc_row]<\/p>\n<\/div>","protected":false},"excerpt":{"rendered":"<p>[vc_row full_width=\u00a0\u00bbstretch_row_content_no_spaces\u00a0\u00bb][vc_column][vc_single_image image=\u00a0\u00bb3568&Prime; img_size=\u00a0\u00bbfull\u00a0\u00bb alignment=\u00a0\u00bbcenter\u00a0\u00bb][\/vc_column][\/vc_row][vc_row css=\u00a0\u00bb.vc_custom_1684746691314{margin-top: 30px !important;}\u00a0\u00bb][vc_column][vc_widget_sidebar sidebar_id=\u00a0\u00bbzante_default_sidebar\u00a0\u00bb][\/vc_column][\/vc_row][vc_row full_width=\u00a0\u00bbstretch_row\u00a0\u00bb css=\u00a0\u00bb.vc_custom_1592812858969{padding-top: 20px !important;}\u00a0\u00bb][vc_column width=\u00a0\u00bb1\/2&Prime;][vc_column_text]L\u2019H\u00f4tel Capo di Stella vous accueille au sein d&rsquo;une vaste zone de r\u00e9ception divis\u00e9e entre bureau check-in et bureau d&rsquo;informations o\u00f9 sont disponibles toutes les brochures concernant l&rsquo;\u00eele mais aussi d&rsquo;autres th\u00e8mes. L&rsquo;h\u00f4tel dispose d&rsquo;une piscine et d&rsquo;un bar parfait pour se [&hellip;]<\/p>\n","protected":false},"author":1,"featured_media":0,"parent":0,"menu_order":0,"comment_status":"closed","ping_status":"closed","template":"","meta":{"footnotes":""},"class_list":["post-2835","page","type-page","status-publish","hentry"],"_links":{"self":[{"href":"https:\/\/www.hotelcapodistella.it\/fr\/wp-json\/wp\/v2\/pages\/2835","targetHints":{"allow":["GET"]}}],"collection":[{"href":"https:\/\/www.hotelcapodistella.it\/fr\/wp-json\/wp\/v2\/pages"}],"about":[{"href":"https:\/\/www.hotelcapodistella.it\/fr\/wp-json\/wp\/v2\/types\/page"}],"author":[{"embeddable":true,"href":"https:\/\/www.hotelcapodistella.it\/fr\/wp-json\/wp\/v2\/users\/1"}],"replies":[{"embeddable":true,"href":"https:\/\/www.hotelcapodistella.it\/fr\/wp-json\/wp\/v2\/comments?post=2835"}],"version-history":[{"count":5,"href":"https:\/\/www.hotelcapodistella.it\/fr\/wp-json\/wp\/v2\/pages\/2835\/revisions"}],"predecessor-version":[{"id":4269,"href":"https:\/\/www.hotelcapodistella.it\/fr\/wp-json\/wp\/v2\/pages\/2835\/revisions\/4269"}],"wp:attachment":[{"href":"https:\/\/www.hotelcapodistella.it\/fr\/wp-json\/wp\/v2\/media?parent=2835"}],"curies":[{"name":"wp","href":"https:\/\/api.w.org\/{rel}","templated":true}]}}