{"id":2852,"date":"2018-06-02T19:02:12","date_gmt":"2018-06-02T19:02:12","guid":{"rendered":"http:\/\/www.hotelcapodistella.it\/ristorante\/"},"modified":"2025-12-19T09:07:18","modified_gmt":"2025-12-19T08:07:18","slug":"restaurant","status":"publish","type":"page","link":"https:\/\/www.hotelcapodistella.it\/fr\/restaurant\/","title":{"rendered":"Restaurant"},"content":{"rendered":"<div class=\"wpb-content-wrapper\"><p>[vc_row full_width=\u00a0\u00bbstretch_row_content_no_spaces\u00a0\u00bb][vc_column][vc_single_image image=\u00a0\u00bb3585&Prime; img_size=\u00a0\u00bbfull\u00a0\u00bb alignment=\u00a0\u00bbcenter\u00a0\u00bb][\/vc_column][\/vc_row][vc_row css=\u00a0\u00bb.vc_custom_1592812913491{padding-top: 20px !important;padding-bottom: 50px !important;}\u00a0\u00bb][vc_column width=\u00a0\u00bb1\/2&Prime;]\t\t\t<div\r\n\t\t\t\tclass=\"main_title  text-left  mt_wave\">\r\n\t\t\t\t<h2 class=\"title\">Restaurant sur le golfe<\/h2>\r\n\t\t\t\t\t\t\t<\/div>\r\n\t\t[vc_column_text css=\u00a0\u00bb.vc_custom_1766131063688{padding-top: -30px !important;}\u00a0\u00bb]Notre restaurant est ouvert tous les soirs de 19h30 \u00e0 21h00. Il accueille aussi bien les h\u00f4tes de l\u2019\u00e9tablissement que, sur r\u00e9servation, les clients ext\u00e9rieurs.<\/p>\n<p>Situ\u00e9 en bord de mer, il propose une exp\u00e9rience gastronomique unique dans une atmosph\u00e8re \u00e9l\u00e9gante et d\u00e9tendue. La splendide vue panoramique sur la c\u00f4te accompagne chaque d\u00eener, rendant ce moment encore plus sp\u00e9cial.[\/vc_column_text][\/vc_column][vc_column width=\u00a0\u00bb1\/2&Prime;][vc_single_image image=\u00a0\u00bb3076&Prime; img_size=\u00a0\u00bblarge\u00a0\u00bb][\/vc_column][\/vc_row][vc_row css=\u00a0\u00bb.vc_custom_1575471895784{padding-bottom: 50px !important;}\u00a0\u00bb][vc_column width=\u00a0\u00bb1\/2&Prime;][vc_single_image image=\u00a0\u00bb3072&Prime; img_size=\u00a0\u00bblarge\u00a0\u00bb][\/vc_column][vc_column width=\u00a0\u00bb1\/2&Prime;][vc_column_text css=\u00a0\u00bb\u00a0\u00bb]Le restaurant de l\u2019h\u00f4tel accueille les h\u00f4tes avec une proposition gastronomique toujours nouvelle : un menu soign\u00e9 qui change chaque jour, pens\u00e9 pour surprendre le palais et mettre en valeur des saveurs fra\u00eeches et de saison, faisant de chaque s\u00e9jour une exp\u00e9rience diff\u00e9rente aussi \u00e0 table.<\/p>\n<p>Nos inspirations proviennent des anciennes recettes de l\u2019\u00eele d\u2019Elbe, des histoires de cuisine et de cave, racontant des plats de la mer et de la terre, pr\u00e9par\u00e9s avec des produits typiques et authentiques de notre \u00eele \u2013 du poisson frais aux l\u00e9gumes locaux \u2013 relev\u00e9s d\u2019herbes aromatiques locales et accompagn\u00e9s de vins blancs et rouges issus des meilleurs domaines viticoles de l\u2019\u00eele.<\/p>\n<p>Pour les enfants, les chefs peuvent, sur demande, pr\u00e9parer des plats adapt\u00e9s \u00e0 leurs go\u00fbts et \u00e0 leurs besoins alimentaires.[\/vc_column_text][\/vc_column][\/vc_row][vc_row full_width=\u00a0\u00bbstretch_row_content_no_spaces\u00a0\u00bb equal_height=\u00a0\u00bbyes\u00a0\u00bb css=\u00a0\u00bb.vc_custom_1707391438448{padding-bottom: 50px !important;}\u00a0\u00bb][vc_column][vc_media_grid element_width=\u00a0\u00bb3&Prime; gap=\u00a0\u00bb20&Prime; grid_id=\u00a0\u00bbvc_gid:1766131149643-50223964-cbca-8&Prime; include=\u00a0\u00bb3205,3183,3191,3187&Prime;][\/vc_column][\/vc_row][vc_row][vc_column width=\u00a0\u00bb1\/2&Prime;][vc_column_text]<strong><img loading=\"lazy\" decoding=\"async\" class=\"alignleft wp-image-2012\" src=\"http:\/\/www.hotelcapodistella.it\/wp-content\/uploads\/2019\/12\/logo-senza-glutine.png\" alt=\"\" width=\"75\" height=\"75\" srcset=\"https:\/\/www.hotelcapodistella.it\/wp-content\/uploads\/2019\/12\/logo-senza-glutine.png 200w, https:\/\/www.hotelcapodistella.it\/wp-content\/uploads\/2019\/12\/logo-senza-glutine-150x150.png 150w, https:\/\/www.hotelcapodistella.it\/wp-content\/uploads\/2019\/12\/logo-senza-glutine-80x80.png 80w\" sizes=\"auto, (max-width: 75px) 100vw, 75px\" \/>Sp\u00e9cial Gluten Free \/ Intol\u00e9rances alimentaires<\/strong>: les personnes intol\u00e9rantes au gluten ou \u00e0 d&rsquo;autres aliments sont les bienvenus. Ils trouveront un menu sp\u00e9cial adapt\u00e9 \u00e0 leur alimentation, qui respecte les normes alimentaires et des produits du petit-d\u00e9jeuner, des p\u00e2tes, du pain et des desserts rigoureusement sans gluten ou sans l&rsquo;aliment non tol\u00e9r\u00e9.[\/vc_column_text][\/vc_column][vc_column width=\u00a0\u00bb1\/2&Prime;][vc_single_image image=\u00a0\u00bb3086&Prime; img_size=\u00a0\u00bblarge\u00a0\u00bb][\/vc_column][\/vc_row][vc_row css=\u00a0\u00bb.vc_custom_1707391461989{padding-top: 30px !important;}\u00a0\u00bb][vc_column]\t\t\t<div\r\n\t\t\t\tclass=\"main_title  text-center  \">\r\n\t\t\t\t<h2 class=\"title\">Nos plats<\/h2>\r\n\t\t\t\t\t\t\t<\/div>\r\n\t\t[vc_gallery type=\u00a0\u00bbimage_grid\u00a0\u00bb images=\u00a0\u00bb3091,2590,3095,2575,2578,2581,2593,2596,2599,2602,2605,2608,2611,2614,2617,2620,2623,2569&Prime; img_size=\u00a0\u00bb190&#215;175&Prime;][\/vc_column][\/vc_row][vc_row full_width=\u00a0\u00bbstretch_row_content_no_spaces\u00a0\u00bb css=\u00a0\u00bb.vc_custom_1580817411123{padding-top: 30px !important;padding-bottom: 10px !important;background-color: #388251 !important;}\u00a0\u00bb el_class=\u00a0\u00bbbanner-richiesta\u00a0\u00bb][vc_column][vc_column_text]<\/p>\n<p style=\"text-align: center;\"><strong>Vous souhaitez des informations suppl\u00e9mentaires ou faire une r\u00e9servation dans notre h\u00f4tel? <\/strong> <a class=\"button\" href=\"https:\/\/www.hotelcapodistella.it\/fr\/contacts\/\">Veuillez transmettre votre demande<\/a><\/p>\n<p>[\/vc_column_text][\/vc_column][\/vc_row]<\/p>\n<\/div>","protected":false},"excerpt":{"rendered":"<p>[vc_row full_width=\u00a0\u00bbstretch_row_content_no_spaces\u00a0\u00bb][vc_column][vc_single_image image=\u00a0\u00bb3585&Prime; img_size=\u00a0\u00bbfull\u00a0\u00bb alignment=\u00a0\u00bbcenter\u00a0\u00bb][\/vc_column][\/vc_row][vc_row css=\u00a0\u00bb.vc_custom_1592812913491{padding-top: 20px !important;padding-bottom: 50px !important;}\u00a0\u00bb][vc_column width=\u00a0\u00bb1\/2&Prime;][vc_column_text css=\u00a0\u00bb.vc_custom_1766131063688{padding-top: -30px !important;}\u00a0\u00bb]Notre restaurant est ouvert tous les soirs de 19h30 \u00e0 21h00. Il accueille aussi bien les h\u00f4tes de l\u2019\u00e9tablissement que, sur r\u00e9servation, les clients ext\u00e9rieurs. Situ\u00e9 en bord de mer, il propose une exp\u00e9rience gastronomique unique dans une atmosph\u00e8re \u00e9l\u00e9gante et d\u00e9tendue. [&hellip;]<\/p>\n","protected":false},"author":1,"featured_media":0,"parent":0,"menu_order":0,"comment_status":"closed","ping_status":"closed","template":"","meta":{"_joinchat":[],"footnotes":""},"class_list":["post-2852","page","type-page","status-publish","hentry"],"_links":{"self":[{"href":"https:\/\/www.hotelcapodistella.it\/fr\/wp-json\/wp\/v2\/pages\/2852","targetHints":{"allow":["GET"]}}],"collection":[{"href":"https:\/\/www.hotelcapodistella.it\/fr\/wp-json\/wp\/v2\/pages"}],"about":[{"href":"https:\/\/www.hotelcapodistella.it\/fr\/wp-json\/wp\/v2\/types\/page"}],"author":[{"embeddable":true,"href":"https:\/\/www.hotelcapodistella.it\/fr\/wp-json\/wp\/v2\/users\/1"}],"replies":[{"embeddable":true,"href":"https:\/\/www.hotelcapodistella.it\/fr\/wp-json\/wp\/v2\/comments?post=2852"}],"version-history":[{"count":5,"href":"https:\/\/www.hotelcapodistella.it\/fr\/wp-json\/wp\/v2\/pages\/2852\/revisions"}],"predecessor-version":[{"id":4489,"href":"https:\/\/www.hotelcapodistella.it\/fr\/wp-json\/wp\/v2\/pages\/2852\/revisions\/4489"}],"wp:attachment":[{"href":"https:\/\/www.hotelcapodistella.it\/fr\/wp-json\/wp\/v2\/media?parent=2852"}],"curies":[{"name":"wp","href":"https:\/\/api.w.org\/{rel}","templated":true}]}}