{"id":2857,"date":"2019-12-06T15:11:22","date_gmt":"2019-12-06T14:11:22","guid":{"rendered":"http:\/\/www.hotelcapodistella.it\/spiagge\/"},"modified":"2024-04-22T12:10:45","modified_gmt":"2024-04-22T10:10:45","slug":"plages","status":"publish","type":"page","link":"https:\/\/www.hotelcapodistella.it\/fr\/plages\/","title":{"rendered":"Plages"},"content":{"rendered":"<div class=\"wpb-content-wrapper\"><p>[vc_row full_width=\u00a0\u00bbstretch_row_content_no_spaces\u00a0\u00bb][vc_column][vc_single_image image=\u00a0\u00bb3595&Prime; img_size=\u00a0\u00bbfull\u00a0\u00bb][\/vc_column][\/vc_row][vc_row][vc_column][vc_widget_sidebar sidebar_id=\u00a0\u00bbzante_default_sidebar\u00a0\u00bb][\/vc_column][\/vc_row][vc_row css=\u00a0\u00bb.vc_custom_1592812878747{padding-top: 20px !important;}\u00a0\u00bb][vc_column width=\u00a0\u00bb1\/2&Prime;]\t\t\t<div\r\n\t\t\t\tclass=\"main_title  text-center  \">\r\n\t\t\t\t<h2 class=\"title\">Plage de Margidore<\/h2>\r\n\t\t\t\t\t\t\t<\/div>\r\n\t\t[vc_column_text]On y acc\u00e8de depuis l&rsquo;H\u00f4tel Capo di Stella, \u00e0 pied, en parcourant un sentier d&rsquo;environ 200 m\u00e8tres, partant directement de notre parking. La plage est situ\u00e9e dans le petit golfe de Margidore, une petite baie compos\u00e9e de petits galets de couleurs sombres, o\u00f9 une eau transparente, due aux fonds marins rocheux, permet d&rsquo;observer parfaitement les poissons et l&rsquo;environnement naturel marin en g\u00e9n\u00e9ral.<\/p>\n<p>Sur la plage sont pr\u00e9sents des services comme bar, location de bateaux ou zodiacs, remorquage et accostage des embarcations. L&rsquo;endroit est calme et tranquille, m\u00eame en haute saison, l&rsquo;id\u00e9al pour ceux qui aiment les sorties en mer en bateau ou simplement profiter d&rsquo;un masque et d&rsquo;un tuba pour admirer les fonds marins.[\/vc_column_text][\/vc_column][vc_column width=\u00a0\u00bb1\/2&Prime;][vc_single_image image=\u00a0\u00bb2389&Prime; img_size=\u00a0\u00bbfull\u00a0\u00bb][\/vc_column][\/vc_row][vc_row css=\u00a0\u00bb.vc_custom_1580739706789{padding-top: 50px !important;}\u00a0\u00bb][vc_column width=\u00a0\u00bb1\/2&Prime;][vc_single_image image=\u00a0\u00bb2388&Prime; img_size=\u00a0\u00bbfull\u00a0\u00bb][\/vc_column][vc_column width=\u00a0\u00bb1\/2&Prime;]\t\t\t<div\r\n\t\t\t\tclass=\"main_title  text-center  \">\r\n\t\t\t\t<h2 class=\"title\">Plage de Lacona<\/h2>\r\n\t\t\t\t\t\t\t<\/div>\r\n\t\t[vc_column_text]Cette grande plage est situ\u00e9e \u00e0 environ 1 km de l&rsquo;h\u00f4tel\u00a0; la plage de Lacona et celle de Marina di Campo sont les deux plus grandes plages de l&rsquo;\u00eele, elles s&rsquo;\u00e9tendent sur pr\u00e8s d&rsquo;1 km.<\/p>\n<p>La plage de Lacona conserve encore des dunes naturelles o\u00f9 pousse une v\u00e9g\u00e9tation adapt\u00e9e au sable. L&rsquo;endroit est parfait pour les familles avec enfants, car par endroits l&rsquo;eau reste basse sur des dizaines de m\u00e8tres\u00a0; de plus, de nombreux services sont pr\u00e9sents, de la boulangerie \u00e0 la charcuterie, du bar au restaurant, de la pizzeria au marchand de glaces.<\/p>\n<p>Vous trouverez plusieurs \u00e9tablissements baln\u00e9aires, dont certains sont conventionn\u00e9s avec notre h\u00f4tel, offrant la possibilit\u00e9 de louer des bateaux, des zodiacs, des p\u00e9dalos et autres. Gr\u00e2ce \u00e0 sa forme m\u00eame, Lacona dispose de grandes portions de plage en acc\u00e8s libre et d&rsquo;une pin\u00e8de o\u00f9 l&rsquo;on peut tranquillement manger et se d\u00e9tendre \u00e0 l&rsquo;ombre des pins.<\/p>\n<p>Enfin, vous trouverez une pharmacie, un distributeur et de petites \u00e9piceries pour r\u00e9pondre \u00e0 tous vos besoins.[\/vc_column_text][\/vc_column][\/vc_row][vc_row full_width=\u00a0\u00bbstretch_row_content_no_spaces\u00a0\u00bb css=\u00a0\u00bb.vc_custom_1580817411123{padding-top: 30px !important;padding-bottom: 10px !important;background-color: #388251 !important;}\u00a0\u00bb el_class=\u00a0\u00bbbanner-richiesta\u00a0\u00bb][vc_column][vc_column_text]<\/p>\n<p style=\"text-align: center;\"><strong>Vous souhaitez des informations suppl\u00e9mentaires ou faire une r\u00e9servation dans notre h\u00f4tel? <\/strong> <a class=\"button\" href=\"\/fr\/contacts\/\">Veuillez transmettre votre demande<\/a><\/p>\n<p>[\/vc_column_text][\/vc_column][\/vc_row]<\/p>\n<\/div>","protected":false},"excerpt":{"rendered":"<p>[vc_row full_width=\u00a0\u00bbstretch_row_content_no_spaces\u00a0\u00bb][vc_column][vc_single_image image=\u00a0\u00bb3595&Prime; img_size=\u00a0\u00bbfull\u00a0\u00bb][\/vc_column][\/vc_row][vc_row][vc_column][vc_widget_sidebar sidebar_id=\u00a0\u00bbzante_default_sidebar\u00a0\u00bb][\/vc_column][\/vc_row][vc_row css=\u00a0\u00bb.vc_custom_1592812878747{padding-top: 20px !important;}\u00a0\u00bb][vc_column width=\u00a0\u00bb1\/2&Prime;][vc_column_text]On y acc\u00e8de depuis l&rsquo;H\u00f4tel Capo di Stella, \u00e0 pied, en parcourant un sentier d&rsquo;environ 200 m\u00e8tres, partant directement de notre parking. La plage est situ\u00e9e dans le petit golfe de Margidore, une petite baie compos\u00e9e de petits galets de couleurs sombres, o\u00f9 une eau transparente, due [&hellip;]<\/p>\n","protected":false},"author":1,"featured_media":0,"parent":0,"menu_order":0,"comment_status":"closed","ping_status":"closed","template":"","meta":{"footnotes":""},"class_list":["post-2857","page","type-page","status-publish","hentry"],"_links":{"self":[{"href":"https:\/\/www.hotelcapodistella.it\/fr\/wp-json\/wp\/v2\/pages\/2857","targetHints":{"allow":["GET"]}}],"collection":[{"href":"https:\/\/www.hotelcapodistella.it\/fr\/wp-json\/wp\/v2\/pages"}],"about":[{"href":"https:\/\/www.hotelcapodistella.it\/fr\/wp-json\/wp\/v2\/types\/page"}],"author":[{"embeddable":true,"href":"https:\/\/www.hotelcapodistella.it\/fr\/wp-json\/wp\/v2\/users\/1"}],"replies":[{"embeddable":true,"href":"https:\/\/www.hotelcapodistella.it\/fr\/wp-json\/wp\/v2\/comments?post=2857"}],"version-history":[{"count":5,"href":"https:\/\/www.hotelcapodistella.it\/fr\/wp-json\/wp\/v2\/pages\/2857\/revisions"}],"predecessor-version":[{"id":3715,"href":"https:\/\/www.hotelcapodistella.it\/fr\/wp-json\/wp\/v2\/pages\/2857\/revisions\/3715"}],"wp:attachment":[{"href":"https:\/\/www.hotelcapodistella.it\/fr\/wp-json\/wp\/v2\/media?parent=2857"}],"curies":[{"name":"wp","href":"https:\/\/api.w.org\/{rel}","templated":true}]}}