{"id":2863,"date":"2019-12-06T15:01:59","date_gmt":"2019-12-06T14:01:59","guid":{"rendered":"http:\/\/www.hotelcapodistella.it\/sport-e-natura\/"},"modified":"2024-04-22T12:11:30","modified_gmt":"2024-04-22T10:11:30","slug":"sport-et-nature","status":"publish","type":"page","link":"https:\/\/www.hotelcapodistella.it\/fr\/sport-et-nature\/","title":{"rendered":"Sport et Nature"},"content":{"rendered":"<div class=\"wpb-content-wrapper\"><p>[vc_row full_width=\u00a0\u00bbstretch_row_content_no_spaces\u00a0\u00bb][vc_column][vc_single_image image=\u00a0\u00bb3607&Prime; img_size=\u00a0\u00bbfull\u00a0\u00bb alignment=\u00a0\u00bbcenter\u00a0\u00bb][\/vc_column][\/vc_row][vc_row][vc_column][vc_widget_sidebar sidebar_id=\u00a0\u00bbzante_default_sidebar\u00a0\u00bb][\/vc_column][\/vc_row][vc_row css=\u00a0\u00bb.vc_custom_1592813203146{padding-top: 20px !important;padding-bottom: 50px !important;}\u00a0\u00bb][vc_column]\t\t\t<div\r\n\t\t\t\tclass=\"main_title  text-left  mt_wave\">\r\n\t\t\t\t<h2 class=\"title\">Randonn\u00e9e \u00e0 l\u2019Ile d\u2019Elbe<\/h2>\r\n\t\t\t\t\t\t\t<\/div>\r\n\t\t[vc_column_text css=\u00a0\u00bb.vc_custom_1584726875301{padding-top: -30px !important;}\u00a0\u00bb]L&rsquo;Ile d&rsquo;Elbe ne se r\u00e9sume pas \u00e0 la mer et aux plages. Elle offre de riches t\u00e9moignages de son histoire, une nature pr\u00e9serv\u00e9e et un territoire id\u00e9al pour les amoureux de la randonn\u00e9e; en effet, nombreux sont les sentiers en plein nature qui traversent l&rsquo;\u00eele de part et d&rsquo;autre. Ils diff\u00e8rent par niveaux de difficult\u00e9 et longueurs, ce qui permet \u00e0 chacun de trouver sa randonn\u00e9e id\u00e9ale.<\/p>\n<p>Depuis l&rsquo;int\u00e9rieur de l&rsquo;\u00eele jusqu&rsquo;aux c\u00f4tes, les sentiers de randonn\u00e9e accompagnent les amoureux de cette pratique \u00e0 travers les bois de ch\u00e2taigniers et le maquis m\u00e9diterran\u00e9en, et leur offrent un spectacle unique: les couleurs incroyables de la mer qui s&rsquo;\u00e9tend \u00e0 l&rsquo;horizon, allant du bleu au vert \u00e9meraude, et, comme des perles pos\u00e9es sur la surface de l&rsquo;eau, les autres \u00eeles qui forment avec l&rsquo;Elbe l&rsquo;Archipel Toscan.[\/vc_column_text][\/vc_column][\/vc_row][vc_row full_width=\u00a0\u00bbstretch_row_content_no_spaces\u00a0\u00bb equal_height=\u00a0\u00bbyes\u00a0\u00bb css=\u00a0\u00bb.vc_custom_1575645711302{background-color: #f1f0ed !important;}\u00a0\u00bb][vc_column width=\u00a0\u00bb1\/2&Prime;][vc_column_text css=\u00a0\u00bb.vc_custom_1584726903648{padding-top: 5% !important;padding-right: 5% !important;padding-bottom: 5% !important;padding-left: 5% !important;}\u00a0\u00bb]De nombreux sentiers traversent des lieux fortement marqu\u00e9s par l&rsquo;histoire de l&rsquo;\u00eele, une histoire faite d&rsquo;invasions et de guerres, d&rsquo;art et de pauvret\u00e9. Ces lieux racontent de destin d&rsquo;une population d\u2019humbles p\u00eacheurs et de simples paysans, de grands empereurs et d&rsquo;importants gouverneurs, de musiciens et de peintres. D&rsquo;autre sentiers encore traversent d&rsquo;anciennes mines de fer et de pyrite, longent des vignobles, des jardins botaniques, des sanctuaires de papillons et des carri\u00e8res de granite.<\/p>\n<p>Tout en marchant, on peut apercevoir d&rsquo;anciennes grottes pr\u00e9historiques, des ruines d&rsquo;anciennes villas romaines et de forteresses \u00e9trusques construites pour surveiller le port\u00a0; on peut aussi trouver des restes d&rsquo;anciens abris de bergers ainsi que des forts militaires pour se d\u00e9fendre contre les attaques des ennemis.[\/vc_column_text][\/vc_column][vc_column width=\u00a0\u00bb1\/2&Prime; css=\u00a0\u00bb.vc_custom_1575645682615{margin-bottom: 0px !important;}\u00a0\u00bb][vc_single_image image=\u00a0\u00bb2095&Prime; img_size=\u00a0\u00bblarge\u00a0\u00bb css=\u00a0\u00bb.vc_custom_1575645766613{margin-bottom: 0px !important;}\u00a0\u00bb][\/vc_column][\/vc_row][vc_row full_width=\u00a0\u00bbstretch_row_content_no_spaces\u00a0\u00bb equal_height=\u00a0\u00bbyes\u00a0\u00bb][vc_column width=\u00a0\u00bb1\/2&Prime; css=\u00a0\u00bb.vc_custom_1579592048503{margin-bottom: 0px !important;}\u00a0\u00bb][vc_video link=\u00a0\u00bbhttps:\/\/youtu.be\/neP35T5DuAQ\u00a0\u00bb align=\u00a0\u00bbcenter\u00a0\u00bb css=\u00a0\u00bb.vc_custom_1579592076259{margin-bottom: 0px !important;}\u00a0\u00bb][\/vc_column][vc_column width=\u00a0\u00bb1\/2&Prime; css=\u00a0\u00bb.vc_custom_1579592218259{padding-top: 5% !important;padding-right: 5% !important;padding-bottom: 0px !important;padding-left: 5% !important;}\u00a0\u00bb][vc_empty_space height=\u00a0\u00bb50px\u00a0\u00bb]\t\t\t<div\r\n\t\t\t\tclass=\"main_title  text-left  mt_wave\">\r\n\t\t\t\t<h2 class=\"title\">L\u2019Elbe au-dessus et en-dessous de la mer<\/h2>\r\n\t\t\t\t\t\t\t<\/div>\r\n\t\t[vc_column_text]L&rsquo;Elbe offre une multitude de grottes et de petites criques de par sa c\u00f4te tr\u00e8s d\u00e9coup\u00e9e; c&rsquo;est le lieu parfait pour vivre la passion de la mer. Vous aurez la possibilit\u00e9 de vivre cette passion \u00e0 fond gr\u00e2ce aux sorties en mer \u00e0 bord du bateau \u00e0 moteur \u201cBaiarda\u201d qui vous conduira le long de la c\u00f4te sud de l&rsquo;\u00eele, le lieu id\u00e9al pour admirer les couleurs, observer les rochers, grottes et aussi les animaux sauvages qui peuplent les falaises: cormorans, go\u00e9lands leucoph\u00e9es, cormorans hupp\u00e9s mais aussi ch\u00e8vres et mouflons. C&rsquo;est l&rsquo;occasion de pratiquer le snorkeling en admirant la grande vari\u00e9t\u00e9 des poissons color\u00e9s et les fonds marins spectaculaires, de profiter des bains de mer et du soleil sans limitation!<\/p>\n<p>Vous pourrez aussi choisir de commencer par un bapt\u00eame de plong\u00e9e, une v\u00e9ritable immersion dans les eaux de l&rsquo;Elbe, en compagnie d&rsquo;un moniteur, qui vous donnera les notions de base n\u00e9cessaires pour vous faire d\u00e9couvrir, en s\u00e9curit\u00e9, les merveilles cach\u00e9es du monde immerg\u00e9.<\/p>\n<p>Pour les passionn\u00e9s de la plong\u00e9e, des sorties sont pr\u00e9vues, guid\u00e9es par un moniteur et guide naturaliste du Parc National de l&rsquo;Archipel Toscan Flavio, qui gr\u00e2ce \u00e0 son exp\u00e9rience, sa passion et son professionnalisme, offre \u00e0 nos h\u00f4tes une exp\u00e9rience unique particuli\u00e8rement appr\u00e9ci\u00e9e.[\/vc_column_text][\/vc_column][\/vc_row][vc_row full_width=\u00a0\u00bbstretch_row_content_no_spaces\u00a0\u00bb equal_height=\u00a0\u00bbyes\u00a0\u00bb css=\u00a0\u00bb.vc_custom_1575645582374{background-color: #f1f0ed !important;}\u00a0\u00bb][vc_column width=\u00a0\u00bb1\/2&Prime; css=\u00a0\u00bb.vc_custom_1575645654087{padding-top: 5% !important;padding-right: 5% !important;padding-bottom: 5% !important;padding-left: 5% !important;}\u00a0\u00bb][vc_empty_space height=\u00a0\u00bb50px\u00a0\u00bb]\t\t\t<div\r\n\t\t\t\tclass=\"main_title  text-left  mt_wave\">\r\n\t\t\t\t<h2 class=\"title\">Mountain Bike<\/h2>\r\n\t\t\t\t\t\t\t<\/div>\r\n\t\t[vc_column_text]Les amateurs de v\u00e9lo peuvent se r\u00e9jouir: notre \u00eele sait d\u00e9voiler son \u00e2me profonde \u00e0 tous ceux qui donnent \u00e0 la nature une place essentielle dans leur vie. Tous les types de sentiers sont pr\u00e9sents sur le territoire, du plus simple au plus complexe, de quoi affronter de nouveaux d\u00e9fis \u00e0 v\u00e9lo mais aussi simplement de se balader sur l&rsquo;\u00eele et d\u00e9couvrir des paysages et des angles de vue impossibles \u00e0 voir en voiture.<\/p>\n<p>Nombreuses sont les comp\u00e9titions de haut niveau qui se d\u00e9roulent sur l&rsquo;\u00eele, comme par exemple la Legend Cup, Triathlon MTB Iron Tour Elba, Kolossal Triathlon MTB, Tagliagambe \u2013 Bici da strada, Elbaman, Conquistadores Cup. Rien d&rsquo;\u00e9tonnant \u00e0 cela, le territoire de l&rsquo;\u00eele d&rsquo;Elbe est consid\u00e9r\u00e9 au niveau national comme le paradis des deux roues.<\/p>\n<p>Si vous voulez un avant-go\u00fbt des tr\u00e8s beaux sentiers pour VTT, commencez par p\u00e9daler le long du promontoire de Capo di Stella, \u00e0 proximit\u00e9 de notre h\u00f4tel. Le parcours, sans difficult\u00e9 particuli\u00e8re, vous donnera encore plus envie de d\u00e9couvrir le reste de l&rsquo;\u00eele en p\u00e9dalant.[\/vc_column_text][\/vc_column][vc_column width=\u00a0\u00bb1\/2&Prime;][vc_single_image image=\u00a0\u00bb2107&Prime; img_size=\u00a0\u00bblarge\u00a0\u00bb css=\u00a0\u00bb.vc_custom_1576141017877{margin-bottom: 0px !important;}\u00a0\u00bb][\/vc_column][\/vc_row][vc_row full_width=\u00a0\u00bbstretch_row_content_no_spaces\u00a0\u00bb css=\u00a0\u00bb.vc_custom_1580817411123{padding-top: 30px !important;padding-bottom: 10px !important;background-color: #388251 !important;}\u00a0\u00bb el_class=\u00a0\u00bbbanner-richiesta\u00a0\u00bb][vc_column][vc_column_text]<\/p>\n<p style=\"text-align: center;\"><strong>Vous souhaitez des informations suppl\u00e9mentaires ou faire une r\u00e9servation dans notre h\u00f4tel? <\/strong> <a class=\"button\" href=\"\/fr\/contacts\/\">Veuillez transmettre votre demande<\/a><\/p>\n<p>[\/vc_column_text][\/vc_column][\/vc_row]<\/p>\n<\/div>","protected":false},"excerpt":{"rendered":"<p>[vc_row full_width=\u00a0\u00bbstretch_row_content_no_spaces\u00a0\u00bb][vc_column][vc_single_image image=\u00a0\u00bb3607&Prime; img_size=\u00a0\u00bbfull\u00a0\u00bb alignment=\u00a0\u00bbcenter\u00a0\u00bb][\/vc_column][\/vc_row][vc_row][vc_column][vc_widget_sidebar sidebar_id=\u00a0\u00bbzante_default_sidebar\u00a0\u00bb][\/vc_column][\/vc_row][vc_row css=\u00a0\u00bb.vc_custom_1592813203146{padding-top: 20px !important;padding-bottom: 50px !important;}\u00a0\u00bb][vc_column][vc_column_text css=\u00a0\u00bb.vc_custom_1584726875301{padding-top: -30px !important;}\u00a0\u00bb]L&rsquo;Ile d&rsquo;Elbe ne se r\u00e9sume pas \u00e0 la mer et aux plages. Elle offre de riches t\u00e9moignages de son histoire, une nature pr\u00e9serv\u00e9e et un territoire id\u00e9al pour les amoureux de la randonn\u00e9e; en effet, nombreux sont les sentiers en plein nature [&hellip;]<\/p>\n","protected":false},"author":1,"featured_media":0,"parent":0,"menu_order":0,"comment_status":"closed","ping_status":"closed","template":"","meta":{"footnotes":""},"class_list":["post-2863","page","type-page","status-publish","hentry"],"_links":{"self":[{"href":"https:\/\/www.hotelcapodistella.it\/fr\/wp-json\/wp\/v2\/pages\/2863","targetHints":{"allow":["GET"]}}],"collection":[{"href":"https:\/\/www.hotelcapodistella.it\/fr\/wp-json\/wp\/v2\/pages"}],"about":[{"href":"https:\/\/www.hotelcapodistella.it\/fr\/wp-json\/wp\/v2\/types\/page"}],"author":[{"embeddable":true,"href":"https:\/\/www.hotelcapodistella.it\/fr\/wp-json\/wp\/v2\/users\/1"}],"replies":[{"embeddable":true,"href":"https:\/\/www.hotelcapodistella.it\/fr\/wp-json\/wp\/v2\/comments?post=2863"}],"version-history":[{"count":5,"href":"https:\/\/www.hotelcapodistella.it\/fr\/wp-json\/wp\/v2\/pages\/2863\/revisions"}],"predecessor-version":[{"id":3718,"href":"https:\/\/www.hotelcapodistella.it\/fr\/wp-json\/wp\/v2\/pages\/2863\/revisions\/3718"}],"wp:attachment":[{"href":"https:\/\/www.hotelcapodistella.it\/fr\/wp-json\/wp\/v2\/media?parent=2863"}],"curies":[{"name":"wp","href":"https:\/\/api.w.org\/{rel}","templated":true}]}}