{"id":2873,"date":"2019-12-04T12:37:10","date_gmt":"2019-12-04T11:37:10","guid":{"rendered":"http:\/\/www.hotelcapodistella.it\/traghetto\/"},"modified":"2025-04-17T10:41:27","modified_gmt":"2025-04-17T08:41:27","slug":"ferry","status":"publish","type":"page","link":"https:\/\/www.hotelcapodistella.it\/fr\/ferry\/","title":{"rendered":"Ferry"},"content":{"rendered":"<div class=\"wpb-content-wrapper\"><p>[vc_row css=\u00a0\u00bb.vc_custom_1579592304148{padding-top: 50px !important;padding-bottom: 50px !important;}\u00a0\u00bb][vc_column][vc_column_text]<\/p>\n<p style=\"text-align: center;\">Demandez le CODE DE R\u00c9DUCTION et r\u00e9servez\u00a0<a href=\"https:\/\/www.hotelcapodistella.it\/fr\/traghettilines\/\">MOBY et TOREMAR<\/a> \u00e0 des tarifs r\u00e9duits de 20 % \u00e0 35 % : Pour acc\u00e9der \u00e0 la promotion, cliquez sur les images ci-dessous.<\/p>\n<p>[\/vc_column_text][vc_single_image image=\u00a0\u00bb3646&Prime; img_size=\u00a0\u00bbmedium\u00a0\u00bb alignment=\u00a0\u00bbcenter\u00a0\u00bb onclick=\u00a0\u00bbcustom_link\u00a0\u00bb css=\u00a0\u00bb.vc_custom_1679303539135{margin-top: -30px !important;}\u00a0\u00bb link=\u00a0\u00bbhttp:\/\/hotelcapodistella.it\/fr\/traghettilines\/\u00a0\u00bb][vc_column_text css=\u00a0\u00bb.vc_custom_1679303412568{margin-top: -30px !important;}\u00a0\u00bb]<\/p>\n<p style=\"text-align: center;\"><a href=\"https:\/\/www.hotelcapodistella.it\/fr\/traghettiper\/\">TraghettiPer<\/a>\u00a0vous permet de consulter les tarifs CONVENTIONN\u00c9S de TOUTES les compagnies.<\/p>\n<p>[\/vc_column_text][vc_single_image image=\u00a0\u00bb3650&Prime; img_size=\u00a0\u00bbmedium\u00a0\u00bb alignment=\u00a0\u00bbcenter\u00a0\u00bb onclick=\u00a0\u00bbcustom_link\u00a0\u00bb link=\u00a0\u00bbhttps:\/\/www.hotelcapodistella.it\/fr\/traghettiper\/\u00a0\u00bb][vc_column_text css=\u00a0\u00bb.vc_custom_1744879271651{margin-top: 15px !important;}\u00a0\u00bb]<\/p>\n<p style=\"text-align: center;\">R\u00e9servez le ferry\u00a0<a href=\"https:\/\/www.hotelcapodistella.it\/fr\/blunavy\/\">BLUNAVY<\/a>\u00a0directement \u00e0 partir d\u2019ici avec le CODE DE R\u00c9DUCTION.<\/p>\n<p>[\/vc_column_text][vc_single_image image=\u00a0\u00bb3658&Prime; img_size=\u00a0\u00bbmedium\u00a0\u00bb alignment=\u00a0\u00bbcenter\u00a0\u00bb onclick=\u00a0\u00bbcustom_link\u00a0\u00bb css=\u00a0\u00bb\u00a0\u00bb link=\u00a0\u00bb\/fr\/blunavy\/\u00a0\u00bb][\/vc_column][\/vc_row]<\/p>\n<\/div>","protected":false},"excerpt":{"rendered":"<p>[vc_row css=\u00a0\u00bb.vc_custom_1579592304148{padding-top: 50px !important;padding-bottom: 50px !important;}\u00a0\u00bb][vc_column][vc_column_text] Demandez le CODE DE R\u00c9DUCTION et r\u00e9servez\u00a0MOBY et TOREMAR \u00e0 des tarifs r\u00e9duits de 20 % \u00e0 35 % : Pour acc\u00e9der \u00e0 la promotion, cliquez sur les images ci-dessous. [\/vc_column_text][vc_single_image image=\u00a0\u00bb3646&Prime; img_size=\u00a0\u00bbmedium\u00a0\u00bb alignment=\u00a0\u00bbcenter\u00a0\u00bb onclick=\u00a0\u00bbcustom_link\u00a0\u00bb css=\u00a0\u00bb.vc_custom_1679303539135{margin-top: -30px !important;}\u00a0\u00bb link=\u00a0\u00bbhttp:\/\/hotelcapodistella.it\/fr\/traghettilines\/\u00a0\u00bb][vc_column_text css=\u00a0\u00bb.vc_custom_1679303412568{margin-top: -30px !important;}\u00a0\u00bb] TraghettiPer\u00a0vous permet de consulter les tarifs CONVENTIONN\u00c9S [&hellip;]<\/p>\n","protected":false},"author":1,"featured_media":0,"parent":0,"menu_order":0,"comment_status":"closed","ping_status":"closed","template":"","meta":{"footnotes":""},"class_list":["post-2873","page","type-page","status-publish","hentry"],"_links":{"self":[{"href":"https:\/\/www.hotelcapodistella.it\/fr\/wp-json\/wp\/v2\/pages\/2873","targetHints":{"allow":["GET"]}}],"collection":[{"href":"https:\/\/www.hotelcapodistella.it\/fr\/wp-json\/wp\/v2\/pages"}],"about":[{"href":"https:\/\/www.hotelcapodistella.it\/fr\/wp-json\/wp\/v2\/types\/page"}],"author":[{"embeddable":true,"href":"https:\/\/www.hotelcapodistella.it\/fr\/wp-json\/wp\/v2\/users\/1"}],"replies":[{"embeddable":true,"href":"https:\/\/www.hotelcapodistella.it\/fr\/wp-json\/wp\/v2\/comments?post=2873"}],"version-history":[{"count":5,"href":"https:\/\/www.hotelcapodistella.it\/fr\/wp-json\/wp\/v2\/pages\/2873\/revisions"}],"predecessor-version":[{"id":4375,"href":"https:\/\/www.hotelcapodistella.it\/fr\/wp-json\/wp\/v2\/pages\/2873\/revisions\/4375"}],"wp:attachment":[{"href":"https:\/\/www.hotelcapodistella.it\/fr\/wp-json\/wp\/v2\/media?parent=2873"}],"curies":[{"name":"wp","href":"https:\/\/api.w.org\/{rel}","templated":true}]}}