{"id":2881,"date":"2020-01-16T15:01:16","date_gmt":"2020-01-16T14:01:16","guid":{"rendered":"http:\/\/www.hotelcapodistella.it\/faq\/"},"modified":"2024-04-22T12:10:04","modified_gmt":"2024-04-22T10:10:04","slug":"faq","status":"publish","type":"page","link":"https:\/\/www.hotelcapodistella.it\/fr\/faq\/","title":{"rendered":"FAQ"},"content":{"rendered":"<div class=\"wpb-content-wrapper\"><p>[vc_row css=\u00a0\u00bb.vc_custom_1579592525868{padding-top: 50px !important;}\u00a0\u00bb][vc_column][vc_custom_heading text=\u00a0\u00bbFoire aux questions\u00a0\u00bb use_theme_fonts=\u00a0\u00bbyes\u00a0\u00bb][\/vc_column][\/vc_row][vc_row css=\u00a0\u00bb.vc_custom_1579185808059{padding-top: 50px !important;}\u00a0\u00bb][vc_column][vc_column_text]<\/p>\n<h3>COMMENT FAIRE POUR QUE MA R\u00c9SERVATION SOIT CORRECTEMENT ENREGISTR\u00c9E?<\/h3>\n<p>Le plus simple est de r\u00e9server sur le booking online pr\u00e9sent sur notre site; il suffit pour cela de remplir tous les champs demand\u00e9s. Vous \u00eates ainsi assur\u00e9s de b\u00e9n\u00e9ficier de nos meilleures offres du moment. Le paiment peut se faire soit par virement soit par carte de cr\u00e9dit. Si vous optez pour le virement, vous recevrez un mail avec toutes les informations utiles au virement et la r\u00e9servation sera confirm\u00e9e lorsque le virement sera effectif (le virement doit \u00eatre effectu\u00e9 dans les 3 jours qui suivent la date de r\u00e9servation). Vous recevrez alors un mail de confirmation.<br \/>\nSi vous optez pour le paiment par carte de cr\u00e9dit, la r\u00e9servation est quasi imm\u00e9diate: vous recevez, en quelques minutes, la confirmation de votre r\u00e9servation par mail.<br \/>\nIl est aussi possible d&rsquo;effectuer une r\u00e9servation en t\u00e9l\u00e9phonant directement \u00e0 l&rsquo;h\u00f4tel ou en envoyant un mail; vous pouvez aussi choisir de remplir le formulaire de r\u00e9servation pr\u00e9sent sur le site, la demande nous parvient sans engagement de votre part et vous recevez rapidement toutes les informations, les offres et les r\u00e9ductions last minute disponibles.[\/vc_column_text][\/vc_column][\/vc_row][vc_row][vc_column][vc_column_text]<\/p>\n<h3>JE NE SOUHAITE PAS R\u00c9SERVER EN LIGNE, COMMENT FAIRE?<\/h3>\n<p>Vous pouvez r\u00e9server par t\u00e9l\u00e9phone ou par mail. Dans ce cas, nous vous enverrons une demande de caution correspondant \u00e0 30% du montant total du s\u00e9jour (tarif normal), ou une demande de r\u00e9glement du total du montant en cas de formule pr\u00e9pray\u00e9e et non remboursable. La caution\/le solde doivent nous parvenir par virement bancaire ou par autorisation de pr\u00e9l\u00e8vement sur la carte de cr\u00e9dit dans les d\u00e9lais pr\u00e9vus par les conditions. Le montant vers\u00e9 sera d\u00e9duit du compte final au moment du d\u00e9part.[\/vc_column_text][\/vc_column][\/vc_row][vc_row css=\u00a0\u00bb.vc_custom_1579592531477{padding-bottom: 50px !important;}\u00a0\u00bb][vc_column][vc_column_text]<\/p>\n<h3>J&rsquo;AI D\u00c9J\u00c0 VERS\u00c9 LA CAUTION\/LE SOLDE MAIS JE NE PEUX PLUS PARTIR. COMMENT FAIRE POUR ANNULER?<\/h3>\n<p>\u2013 En cas d&rsquo;annulation communiqu\u00e9e au moins 30 jours avant la date d&rsquo;arriv\u00e9e, aucune p\u00e9nalit\u00e9 n&rsquo;est pr\u00e9vue et la caution\/solde vers\u00e9 seront rembours\u00e9s.<br \/>\n\u2013 En cas d&rsquo;annulation dans les 30 jours qui pr\u00e9c\u00e8dent la date d&rsquo;arriv\u00e9e, des frais d&rsquo;annulation sont pr\u00e9vus et seront calcul\u00e9s en fontion des conditions de r\u00e9servation. L&rsquo;h\u00f4tel se r\u00e9serve le droit de proposer au client l&rsquo;utilisation de la caution\/solde pour un futur s\u00e9jour avant la fin de la saison ou l&rsquo;ann\u00e9e suivante.<br \/>\n\u2013 En cas d&rsquo;annulation dans les 7 jours qui pr\u00e9c\u00e8dent la date pr\u00e9vue de d\u00e9but de s\u00e9jour, ou en cas de no show, le client devra payer le montant de la totalit\u00e9 du s\u00e9jour r\u00e9serv\u00e9.<br \/>\nEn cas de r\u00e9servation avec la formule \u00ab\u00a0pr\u00e9pay\u00e9e\/non remboursable\u00a0\u00bb, vous devez payer le montant de la totalit\u00e9 du s\u00e9jour au moment de la r\u00e9servation, et ce dernier ne vous sera en aucun cas rembours\u00e9.[\/vc_column_text][\/vc_column][\/vc_row][vc_row css=\u00a0\u00bb.vc_custom_1579592531477{padding-bottom: 50px !important;}\u00a0\u00bb][vc_column][vc_column_text]<\/p>\n<h3>COMMENT ARRIVER<\/h3>\n<p>[\/vc_column_text][vc_raw_html]JTNDaWZyYW1lJTIwc3JjJTNEJTIyaHR0cHMlM0ElMkYlMkZ3d3cuZ29vZ2xlLmNvbSUyRm1hcHMlMkZlbWJlZCUzRnBiJTNEJTIxMW0xOSUyMTFtOCUyMTFtMyUyMTFkMTE3MTcuNzc5OTYzNzExMDU3JTIxMmQxMC4zMTcyMDA1JTIxM2Q0Mi43NTc3OTM0JTIxM20yJTIxMWkxMDI0JTIxMmk3NjglMjE0ZjEzLjElMjE0bTglMjEzZTElMjE0bTAlMjE0bTUlMjExczB4MTJkNjM0NGVmMGZlODgyNSUyNTNBMHgxODU5ZjRhOTYzMDA1ZDNiJTIxMnNIb3RlbCUyNTIwQ2FwbyUyNTIwZGklMjUyMFN0ZWxsYSUyNTJDJTI1MjBWaWElMjUyMENhcG8lMjUyMGRpJTI1MjBTdGVsbGElMjUyQyUyNTIwNTcwMzElMjUyMExhY29uYSUyNTIwTEklMjEzbTIlMjExZDQyLjc1Nzc5MzQlMjEyZDEwLjMxNzIwMDUlMjE1ZTAlMjEzbTIlMjExc2l0JTIxMnNpdCUyMTR2MTYzODg4NTIyMTMxMSUyMTVtMiUyMTFzaXQlMjEyc2l0JTIyJTIwd2lkdGglM0QlMjIxMTcwJTIyJTIwaGVpZ2h0JTNEJTIyNjAwJTIyJTIwc3R5bGUlM0QlMjJib3JkZXIlM0EwJTNCJTIyJTIwYWxsb3dmdWxsc2NyZWVuJTNEJTIyJTIyJTIwbG9hZGluZyUzRCUyMmxhenklMjIlM0UlM0MlMkZpZnJhbWUlM0U=[\/vc_raw_html][vc_empty_space][vc_single_image image=\u00a0\u00bb2454&Prime; img_size=\u00a0\u00bbfull\u00a0\u00bb][\/vc_column][\/vc_row]<\/p>\n<\/div>","protected":false},"excerpt":{"rendered":"<p>[vc_row css=\u00a0\u00bb.vc_custom_1579592525868{padding-top: 50px !important;}\u00a0\u00bb][vc_column][vc_custom_heading text=\u00a0\u00bbFoire aux questions\u00a0\u00bb use_theme_fonts=\u00a0\u00bbyes\u00a0\u00bb][\/vc_column][\/vc_row][vc_row css=\u00a0\u00bb.vc_custom_1579185808059{padding-top: 50px !important;}\u00a0\u00bb][vc_column][vc_column_text] COMMENT FAIRE POUR QUE MA R\u00c9SERVATION SOIT CORRECTEMENT ENREGISTR\u00c9E? Le plus simple est de r\u00e9server sur le booking online pr\u00e9sent sur notre site; il suffit pour cela de remplir tous les champs demand\u00e9s. Vous \u00eates ainsi assur\u00e9s de b\u00e9n\u00e9ficier de nos meilleures offres du [&hellip;]<\/p>\n","protected":false},"author":1,"featured_media":0,"parent":0,"menu_order":0,"comment_status":"closed","ping_status":"closed","template":"","meta":{"footnotes":""},"class_list":["post-2881","page","type-page","status-publish","hentry"],"_links":{"self":[{"href":"https:\/\/www.hotelcapodistella.it\/fr\/wp-json\/wp\/v2\/pages\/2881","targetHints":{"allow":["GET"]}}],"collection":[{"href":"https:\/\/www.hotelcapodistella.it\/fr\/wp-json\/wp\/v2\/pages"}],"about":[{"href":"https:\/\/www.hotelcapodistella.it\/fr\/wp-json\/wp\/v2\/types\/page"}],"author":[{"embeddable":true,"href":"https:\/\/www.hotelcapodistella.it\/fr\/wp-json\/wp\/v2\/users\/1"}],"replies":[{"embeddable":true,"href":"https:\/\/www.hotelcapodistella.it\/fr\/wp-json\/wp\/v2\/comments?post=2881"}],"version-history":[{"count":5,"href":"https:\/\/www.hotelcapodistella.it\/fr\/wp-json\/wp\/v2\/pages\/2881\/revisions"}],"predecessor-version":[{"id":3390,"href":"https:\/\/www.hotelcapodistella.it\/fr\/wp-json\/wp\/v2\/pages\/2881\/revisions\/3390"}],"wp:attachment":[{"href":"https:\/\/www.hotelcapodistella.it\/fr\/wp-json\/wp\/v2\/media?parent=2881"}],"curies":[{"name":"wp","href":"https:\/\/api.w.org\/{rel}","templated":true}]}}