{"id":4102,"date":"2023-11-17T15:00:29","date_gmt":"2023-11-17T14:00:29","guid":{"rendered":"https:\/\/www.hotelcapodistella.it\/servizi\/"},"modified":"2026-01-15T10:40:28","modified_gmt":"2026-01-15T09:40:28","slug":"services","status":"publish","type":"page","link":"https:\/\/www.hotelcapodistella.it\/fr\/services\/","title":{"rendered":"Services"},"content":{"rendered":"<div class=\"wpb-content-wrapper\"><p>[vc_row full_width=\u00a0\u00bbstretch_row_content_no_spaces\u00a0\u00bb][vc_column][vc_single_image image=\u00a0\u00bb4070&Prime; img_size=\u00a0\u00bbfull\u00a0\u00bb alignment=\u00a0\u00bbcenter\u00a0\u00bb css=\u00a0\u00bb.vc_custom_1707307687264{margin-bottom: 0px !important;}\u00a0\u00bb][\/vc_column][\/vc_row][vc_row full_width=\u00a0\u00bbstretch_row\u00a0\u00bb css=\u00a0\u00bb.vc_custom_1666276650073{margin-top: 30px !important;}\u00a0\u00bb][vc_column][vc_widget_sidebar sidebar_id=\u00a0\u00bbzante_default_sidebar\u00a0\u00bb][\/vc_column][\/vc_row][vc_row full_width=\u00a0\u00bbstretch_row\u00a0\u00bb gap=\u00a0\u00bb20&Prime; css=\u00a0\u00bb.vc_custom_1700230131005{padding-top: 20px !important;}\u00a0\u00bb][vc_column width=\u00a0\u00bb1\/2&Prime; offset=\u00a0\u00bbvc_hidden-md vc_hidden-sm vc_hidden-xs\u00a0\u00bb]\t\t\t<div\r\n\t\t\t\tclass=\"main_title  text-left  mt_wave\">\r\n\t\t\t\t<h2 class=\"title\">Services de l&#039;h\u00f4tel Capo di Stella<\/h2>\r\n\t\t\t\t\t\t\t<\/div>\r\n\t\t[vc_column_text]Notre \u00e9quipe, pr\u00e9sente \u00e0 la r\u00e9ception, est disponible en permanence pour fournir toutes les informations utiles aux clients et les aider \u00e0 profiter au maximum de notre merveilleuse \u00eele: les lieux \u00e0 visiter, les plus belles plages, les villages, les sentiers, les mus\u00e9es et lieux historiques etc.<\/p>\n<p>De plus, nous sommes \u00e0 disposition pour fournir des informations sur les itin\u00e9raires et horaires des bus, les horaires des messes, sur les restaurants, les jours de march\u00e9, les \u00e9v\u00e9nements sportif ou ceux li\u00e9s \u00e0 la tradition de l\u2019Elbe.<\/p>\n<p>Nous proposons un service de <a href=\"\/fr\/ferry\/\">billetterie de ferry<\/a> et d\u2019informations sur les tarifs et les horaires de d\u00e9part. En r\u00e9servant votre s\u00e9jour dans notre h\u00f4tel, vous b\u00e9n\u00e9ficiez d\u2019un code promo pour l\u2019achat du billet du ferry que nous vous enverrons par mail, accompagn\u00e9 de toutes les instructions \u00e0 suivre pour l\u2019achat.<\/p>\n<p>Location de v\u00e9hicules : possibilit\u00e9 de louer une voiture, un scooter, un v\u00e9lo ou diff\u00e9rentes types de bateaux, directement \u00e0 la r\u00e9ception de l\u2019h\u00f4tel.<\/p>\n<p>Il est possible aussi de r\u00e9server des tours en bateau, des sorties plong\u00e9e ou des excursions snorkeling gr\u00e2ce au centre de plong\u00e9e avec qui l\u2019h\u00f4tel est conventionn\u00e9.<\/p>\n<p><strong>Le bord de mer ne veut pas dire uniquement plage! Admirer la c\u00f4te depuis le large est une exp\u00e9rience unique que vous n\u2019oublierez jamais.<\/strong>[\/vc_column_text][\/vc_column][vc_column width=\u00a0\u00bb1\/2&Prime;][vc_empty_space][vc_single_image image=\u00a0\u00bb2797&Prime; img_size=\u00a0\u00bbfull\u00a0\u00bb css=\u00a0\u00bb.vc_custom_1707311438825{margin-bottom: 0px !important;}\u00a0\u00bb][\/vc_column][\/vc_row][vc_row full_width=\u00a0\u00bbstretch_row\u00a0\u00bb gap=\u00a0\u00bb20&Prime; css=\u00a0\u00bb.vc_custom_1700230131005{padding-top: 20px !important;}\u00a0\u00bb][vc_column width=\u00a0\u00bb1\/2&Prime; offset=\u00a0\u00bbvc_hidden-md vc_hidden-sm vc_hidden-xs\u00a0\u00bb][vc_single_image image=\u00a0\u00bb3072&Prime; img_size=\u00a0\u00bbfull\u00a0\u00bb css=\u00a0\u00bb.vc_custom_1768467091649{margin-bottom: 0px !important;}\u00a0\u00bb][\/vc_column][vc_column width=\u00a0\u00bb1\/2&Prime;]\t\t\t<div\r\n\t\t\t\tclass=\"main_title  text-left  mt_wave\">\r\n\t\t\t\t<h2 class=\"title\">Demi-pension<\/h2>\r\n\t\t\t\t\t\t\t<\/div>\r\n\t\t[vc_column_text css=\u00a0\u00bb\u00a0\u00bb]L\u2019H\u00f4tel Capo di Stella propose un service de demi-pension pour ceux qui souhaitent vivre leur s\u00e9jour avec davantage de confort.<br \/>\nLa formule comprend le d\u00eener servi chaque soir au restaurant de l\u2019h\u00f4tel, avec un menu quotidien et la possibilit\u00e9 de plats d\u00e9di\u00e9s aux enfants sur demande.<\/p>\n<p>Une solution pratique et agr\u00e9able, id\u00e9ale pour rentrer \u00e0 l\u2019h\u00f4tel apr\u00e8s une journ\u00e9e \u00e0 la plage et profiter de la soir\u00e9e en toute d\u00e9tente.[\/vc_column_text][vc_empty_space height=\u00a0\u00bb15px\u00a0\u00bb]\r\n        \r\n        <style>\r\n\t\t\t\t#btn-container-ZGc1U {\r\n\t\t\t\t\tfont-size: 16px;\r\n\t\t\t\t\tfont-weight: bold;\r\n\t\t\t\t}\r\n        #btn-ZGc1U {\r\n        \tbackground: #388251;\r\n\t\t\t\t\tborder-style: solid;\r\n        \tborder-color: #388251;\r\n\t\t\t\t\tborder-width: 1px;\r\n        \tcolor: #ffffff;\r\n\t\t\t\t\tpadding: 20px 20px;\r\n\t\t\t\t\tborder-radius: 2px;\r\n\t\t\t\t\tfont-size: 16px;\r\n\t\t\t\t\tline-height: 16px;\r\n\t\t\t\t\t\t\t\t\t\t\t\t\t\t\tfont-weight: bold;\r\n        }\r\n\r\n\t\t\t\t#btn-ZGc1U:hover {\r\n\t\t\t\t\tbackground: #388251;\r\n\t\t\t\t\tborder-color: #388251;\r\n\t\t\t\t\tcolor: #ffffff;\r\n\t\t\t\t\t\t\t\t\t\t\t\t\t\t\t\r\n\t\t\t\t}\r\n\r\n\t\t    #btn-ZGc1U i {\r\n\t\t\t\t\tright: 14px;\r\n\t\t\t\t\tmargin-top: 0;\r\n\t\t\t\t\tvertical-align: middle;\r\n\t\t\t\t\tborder-radius: 50%;\r\n\t\t\t\t\tline-height: 20px;\r\n\t\t\t\t\theight: 20px;\r\n\t\t\t\t\twidth: 20px;\r\n\t\t\t\t\tbackground: #1dc1f8;\r\n\t\t\t\t\tmargin-left: 8px;\r\n\t\t\t\t\tmargin-right: 0;\r\n\t\t\t\t\tcolor: #ffffff;\r\n\t\t\t\t\tfont-size: 8px;\r\n\t\t\t\t\ttext-align: center;\r\n\t\t\t\t}\r\n\r\n\t\t\t\t #btn-ZGc1U:hover i {\r\n\t\t\t\t \tbackground: #ffffff;\r\n\t\t\t\t\tcolor: #1dc1f8;\r\n\t\t\t\t }\r\n\r\n        <\/style>\r\n\r\n\t\t<!-- BUTTON -->\r\n        <div id=\"btn-container-ZGc1U\" class=\"text-left\">\r\n\t\t\t\r\n\t\t\t\t\t<a href=\"\/ristorante\/\" id=\"btn-ZGc1U\" class=\"btn \" target=\"_self\">\r\n\t\t\t\t\t\tIl nostro ristorante\t\t\t\t\t\t\t\t\t\t\t<\/a>\r\n\t\t\t\t\t        <\/div>\r\n\r\n        [\/vc_column][\/vc_row][vc_row full_width=\u00a0\u00bbstretch_row\u00a0\u00bb css=\u00a0\u00bb.vc_custom_1592810516402{padding-top: 20px !important;}\u00a0\u00bb][vc_column][vc_empty_space]\t\t\t<div\r\n\t\t\t\tclass=\"main_title  text-left  mt_wave\">\r\n\t\t\t\t<h2 class=\"title\">Le petit-d\u00e9jeuner \u00e0 l&#039;h\u00f4tel<\/h2>\r\n\t\t\t\t\t\t\t<\/div>\r\n\t\t[vc_column_text css=\u00a0\u00bb\u00a0\u00bb]Dans notre h\u00f4tel, nous croyons que chaque jour de vacances devrait commencer de la mani\u00e8re la plus d\u00e9licieuse et relaxante possible. La salle du petit-d\u00e9jeuner, avec sa vue imprenable sur la mer, cr\u00e9e le cadre id\u00e9al pour commencer la journ\u00e9e avec plaisir.<\/p>\n<p>Imaginez savourer une s\u00e9lection de plats d\u00e9licieux, accompagn\u00e9e du doux bruit des vagues et de la lumi\u00e8re dor\u00e9e du matin. Chaque d\u00e9tail est pens\u00e9 pour vous offrir une exp\u00e9rience unique, avec des propositions riches et abondantes qui satisferont tous les palais.<\/p>\n<p>Dans notre buffet, nous proposons une vari\u00e9t\u00e9 de sp\u00e9cialit\u00e9s app\u00e9tissantes telles que des brioches fra\u00eechement sorties du four, des g\u00e2teaux elbanais moelleux faits maison, des corolli, des g\u00e2teaux, des focaccias sucr\u00e9es, des tartes et des biscuits, des biscottes et bien plus encore \u00e0 accompagner de confitures, de chocolat ou de miel. Et pour ceux qui pr\u00e9f\u00e8rent le sal\u00e9, nous proposons des charcuteries, du fromage et des \u0153ufs. Des produits sans gluten et sans lactose sont toujours pr\u00e9sents sur notre buffet de petit-d\u00e9jeuner.<\/p>\n<p><strong>Heures du petit-d\u00e9jeuner : 7h30 \u2013 10h00.<\/strong><\/p>\n<p>Laissez-vous choyer par les saveurs et les parfums de notre buffet et commencez la journ\u00e9e avec \u00e9nergie et plaisir, dans le confort total de notre h\u00f4tel.[\/vc_column_text][\/vc_column][\/vc_row][vc_row full_width=\u00a0\u00bbstretch_row_content_no_spaces\u00a0\u00bb equal_height=\u00a0\u00bbyes\u00a0\u00bb css=\u00a0\u00bb.vc_custom_1623137553064{padding-bottom: 50px !important;}\u00a0\u00bb][vc_column][vc_media_grid element_width=\u00a0\u00bb2&Prime; gap=\u00a0\u00bb10&Prime; css=\u00a0\u00bb\u00a0\u00bb grid_id=\u00a0\u00bbvc_gid:1768469928432-95c9005f-3575-2&Prime; include=\u00a0\u00bb4326,4075,4079,4083,4330,4334&Prime;][\/vc_column][\/vc_row][vc_row][vc_column width=\u00a0\u00bb1\/2&Prime;][vc_empty_space][vc_column_text css=\u00a0\u00bb\u00a0\u00bb]<strong><img loading=\"lazy\" decoding=\"async\" class=\"alignleft wp-image-2012\" src=\"http:\/\/www.hotelcapodistella.it\/wp-content\/uploads\/2019\/12\/logo-senza-glutine.png\" alt=\"\" width=\"75\" height=\"75\" srcset=\"https:\/\/www.hotelcapodistella.it\/wp-content\/uploads\/2019\/12\/logo-senza-glutine.png 200w, https:\/\/www.hotelcapodistella.it\/wp-content\/uploads\/2019\/12\/logo-senza-glutine-150x150.png 150w, https:\/\/www.hotelcapodistella.it\/wp-content\/uploads\/2019\/12\/logo-senza-glutine-80x80.png 80w\" sizes=\"auto, (max-width: 75px) 100vw, 75px\" \/>Sp\u00e9cial Gluten Free \/ Intol\u00e9rances alimentaires<\/strong>: Les h\u00f4tes intol\u00e9rants au gluten ou \u00e0 d\u2019autres aliments sont les bienvenus. En informant le personnel de la r\u00e9ception de leurs besoins alimentaires, ils pourront savourer un petit-d\u00e9jeuner pr\u00e9par\u00e9 sans les substances non tol\u00e9r\u00e9es et conform\u00e9ment aux normes alimentaires.[\/vc_column_text][vc_column_text css=\u00a0\u00bb\u00a0\u00bb]<img loading=\"lazy\" decoding=\"async\" class=\"alignleft wp-image-2012\" src=\"\/wp-content\/uploads\/2024\/11\/restaurant.png\" alt=\"\" width=\"75\" height=\"75\" \/><strong>Service de restauration :<\/strong> Les groupes s\u00e9journant dans notre h\u00f4tel peuvent profiter du service de restauration. L\u2019H\u00f4tel Capo di Stella est \u00e9galement en partenariat avec certains des meilleurs restaurants de la r\u00e9gion.[\/vc_column_text][\/vc_column][vc_column width=\u00a0\u00bb1\/2&Prime;][vc_single_image image=\u00a0\u00bb4330&Prime; img_size=\u00a0\u00bblarge\u00a0\u00bb css=\u00a0\u00bb\u00a0\u00bb][\/vc_column][\/vc_row][vc_row equal_height=\u00a0\u00bbyes\u00a0\u00bb css=\u00a0\u00bb.vc_custom_1579591514472{padding-bottom: 50px !important;}\u00a0\u00bb][vc_column][vc_empty_space][vc_row_inner][vc_column_inner width=\u00a0\u00bb1\/6&Prime;][vc_icon icon_fontawesome=\u00a0\u00bbfas fa-ship\u00a0\u00bb color=\u00a0\u00bbcustom\u00a0\u00bb size=\u00a0\u00bblg\u00a0\u00bb align=\u00a0\u00bbcenter\u00a0\u00bb custom_color=\u00a0\u00bb#388251&Prime; link=\u00a0\u00bburl:%2Ffr%2Fferry%2F\u00a0\u00bb][vc_column_text]<\/p>\n<p style=\"text-align: center;\"><a href=\"\/fr\/ferry\/\"><strong>R\u00e9servation de billets de ferry<\/strong><\/a><\/p>\n<p>[\/vc_column_text][\/vc_column_inner][vc_column_inner width=\u00a0\u00bb1\/6&Prime;][vc_icon icon_fontawesome=\u00a0\u00bbfas fa-glass-martini\u00a0\u00bb color=\u00a0\u00bbcustom\u00a0\u00bb size=\u00a0\u00bblg\u00a0\u00bb align=\u00a0\u00bbcenter\u00a0\u00bb custom_color=\u00a0\u00bb#388251&Prime;][vc_column_text]<\/p>\n<p style=\"text-align: center;\"><strong>Bar<\/strong><\/p>\n<p>[\/vc_column_text][\/vc_column_inner][vc_column_inner width=\u00a0\u00bb1\/6&Prime;][vc_icon icon_fontawesome=\u00a0\u00bbfas fa-swimmer\u00a0\u00bb color=\u00a0\u00bbcustom\u00a0\u00bb size=\u00a0\u00bblg\u00a0\u00bb align=\u00a0\u00bbcenter\u00a0\u00bb custom_color=\u00a0\u00bb#388251&Prime;][vc_column_text]<\/p>\n<p style=\"text-align: center;\"><strong>Utilisation de la piscine<\/strong><\/p>\n<p>[\/vc_column_text][\/vc_column_inner][vc_column_inner width=\u00a0\u00bb1\/6&Prime;][vc_icon icon_fontawesome=\u00a0\u00bbfas fa-umbrella-beach\u00a0\u00bb color=\u00a0\u00bbcustom\u00a0\u00bb size=\u00a0\u00bblg\u00a0\u00bb align=\u00a0\u00bbcenter\u00a0\u00bb custom_color=\u00a0\u00bb#388251&Prime;][vc_column_text]<\/p>\n<p style=\"text-align: center;\"><strong>Solarium<\/strong><\/p>\n<p>[\/vc_column_text][\/vc_column_inner][vc_column_inner width=\u00a0\u00bb1\/6&Prime;][vc_icon icon_fontawesome=\u00a0\u00bbfas fa-shower\u00a0\u00bb color=\u00a0\u00bbcustom\u00a0\u00bb size=\u00a0\u00bblg\u00a0\u00bb align=\u00a0\u00bbcenter\u00a0\u00bb custom_color=\u00a0\u00bb#388251&Prime;][vc_column_text]<\/p>\n<p style=\"text-align: center;\"><strong>Toilettes communes et douches ext\u00e9rieures<\/strong><\/p>\n<p>[\/vc_column_text][\/vc_column_inner][vc_column_inner width=\u00a0\u00bb1\/6&Prime;][vc_icon icon_fontawesome=\u00a0\u00bbfas fa-luggage-cart\u00a0\u00bb color=\u00a0\u00bbcustom\u00a0\u00bb size=\u00a0\u00bblg\u00a0\u00bb align=\u00a0\u00bbcenter\u00a0\u00bb custom_color=\u00a0\u00bb#388251&Prime;][vc_column_text]<\/p>\n<p style=\"text-align: center;\"><strong>Consigne bagages<\/strong><\/p>\n<p>[\/vc_column_text][\/vc_column_inner][\/vc_row_inner][vc_row_inner][vc_column_inner width=\u00a0\u00bb1\/6&Prime;][vc_icon icon_fontawesome=\u00a0\u00bbfas fa-spa\u00a0\u00bb color=\u00a0\u00bbcustom\u00a0\u00bb size=\u00a0\u00bblg\u00a0\u00bb align=\u00a0\u00bbcenter\u00a0\u00bb custom_color=\u00a0\u00bb#388251&Prime;][vc_column_text]<\/p>\n<p style=\"text-align: center;\"><strong>Massages en chambre<\/strong><\/p>\n<p>[\/vc_column_text][\/vc_column_inner][vc_column_inner width=\u00a0\u00bb1\/6&Prime;][vc_icon icon_fontawesome=\u00a0\u00bbfas fa-bicycle\u00a0\u00bb color=\u00a0\u00bbcustom\u00a0\u00bb size=\u00a0\u00bblg\u00a0\u00bb align=\u00a0\u00bbcenter\u00a0\u00bb custom_color=\u00a0\u00bb#388251&Prime;][vc_column_text]<\/p>\n<p style=\"text-align: center;\"><strong>Location de v\u00e9los \u00e9lectriques<\/strong><\/p>\n<p>[\/vc_column_text][\/vc_column_inner][vc_column_inner width=\u00a0\u00bb1\/6&Prime;][vc_icon icon_fontawesome=\u00a0\u00bbfas fa-anchor\u00a0\u00bb color=\u00a0\u00bbcustom\u00a0\u00bb size=\u00a0\u00bblg\u00a0\u00bb align=\u00a0\u00bbcenter\u00a0\u00bb custom_color=\u00a0\u00bb#388251&Prime;][vc_column_text]<\/p>\n<p style=\"text-align: center;\"><strong>Excursions en bateau<\/strong><\/p>\n<p>[\/vc_column_text][\/vc_column_inner][vc_column_inner width=\u00a0\u00bb1\/6&Prime;][vc_icon icon_fontawesome=\u00a0\u00bbfas fa-water\u00a0\u00bb color=\u00a0\u00bbcustom\u00a0\u00bb size=\u00a0\u00bblg\u00a0\u00bb align=\u00a0\u00bbcenter\u00a0\u00bb custom_color=\u00a0\u00bb#388251&Prime;][vc_column_text]<\/p>\n<p style=\"text-align: center;\"><strong>Plong\u00e9e \/ Snorkeling<\/strong><\/p>\n<p>[\/vc_column_text][\/vc_column_inner][vc_column_inner width=\u00a0\u00bb1\/6&Prime;][vc_icon icon_fontawesome=\u00a0\u00bbfas fa-horse\u00a0\u00bb color=\u00a0\u00bbcustom\u00a0\u00bb size=\u00a0\u00bblg\u00a0\u00bb align=\u00a0\u00bbcenter\u00a0\u00bb custom_color=\u00a0\u00bb#388251&Prime;][vc_column_text]<\/p>\n<p style=\"text-align: center;\"><strong>\u00c9quitation<\/strong><\/p>\n<p>[\/vc_column_text][\/vc_column_inner][vc_column_inner width=\u00a0\u00bb1\/6&Prime;][vc_icon icon_fontawesome=\u00a0\u00bbfas fa-wine-glass-alt\u00a0\u00bb color=\u00a0\u00bbcustom\u00a0\u00bb size=\u00a0\u00bblg\u00a0\u00bb align=\u00a0\u00bbcenter\u00a0\u00bb custom_color=\u00a0\u00bb#388251&Prime;][vc_column_text]<\/p>\n<p style=\"text-align: center;\"><strong>Exp\u00e9rience \u0153nologique<\/strong><\/p>\n<p>[\/vc_column_text][\/vc_column_inner][\/vc_row_inner][\/vc_column][\/vc_row][vc_row full_width=\u00a0\u00bbstretch_row_content_no_spaces\u00a0\u00bb css=\u00a0\u00bb.vc_custom_1580817411123{padding-top: 30px !important;padding-bottom: 10px !important;background-color: #388251 !important;}\u00a0\u00bb el_class=\u00a0\u00bbbanner-richiesta\u00a0\u00bb][vc_column][vc_column_text]<strong>Vous souhaitez des informations suppl\u00e9mentaires ou faire une r\u00e9servation dans notre h\u00f4tel? \u00a0<\/strong> <a class=\"button\" href=\"https:\/\/www.hotelcapodistella.it\/fr\/contacts\/\">Veuillez transmettre votre demande<\/a>[\/vc_column_text][\/vc_column][\/vc_row]<\/p>\n<\/div>","protected":false},"excerpt":{"rendered":"<p>[vc_row full_width=\u00a0\u00bbstretch_row_content_no_spaces\u00a0\u00bb][vc_column][vc_single_image image=\u00a0\u00bb4070&Prime; img_size=\u00a0\u00bbfull\u00a0\u00bb alignment=\u00a0\u00bbcenter\u00a0\u00bb css=\u00a0\u00bb.vc_custom_1707307687264{margin-bottom: 0px !important;}\u00a0\u00bb][\/vc_column][\/vc_row][vc_row full_width=\u00a0\u00bbstretch_row\u00a0\u00bb css=\u00a0\u00bb.vc_custom_1666276650073{margin-top: 30px !important;}\u00a0\u00bb][vc_column][vc_widget_sidebar sidebar_id=\u00a0\u00bbzante_default_sidebar\u00a0\u00bb][\/vc_column][\/vc_row][vc_row full_width=\u00a0\u00bbstretch_row\u00a0\u00bb gap=\u00a0\u00bb20&Prime; css=\u00a0\u00bb.vc_custom_1700230131005{padding-top: 20px !important;}\u00a0\u00bb][vc_column width=\u00a0\u00bb1\/2&Prime; offset=\u00a0\u00bbvc_hidden-md vc_hidden-sm vc_hidden-xs\u00a0\u00bb][vc_column_text]Notre \u00e9quipe, pr\u00e9sente \u00e0 la r\u00e9ception, est disponible en permanence pour fournir toutes les informations utiles aux clients et les aider \u00e0 profiter au maximum de notre merveilleuse \u00eele: les lieux \u00e0 visiter, les [&hellip;]<\/p>\n","protected":false},"author":1,"featured_media":0,"parent":0,"menu_order":0,"comment_status":"closed","ping_status":"closed","template":"","meta":{"footnotes":""},"class_list":["post-4102","page","type-page","status-publish","hentry"],"_links":{"self":[{"href":"https:\/\/www.hotelcapodistella.it\/fr\/wp-json\/wp\/v2\/pages\/4102","targetHints":{"allow":["GET"]}}],"collection":[{"href":"https:\/\/www.hotelcapodistella.it\/fr\/wp-json\/wp\/v2\/pages"}],"about":[{"href":"https:\/\/www.hotelcapodistella.it\/fr\/wp-json\/wp\/v2\/types\/page"}],"author":[{"embeddable":true,"href":"https:\/\/www.hotelcapodistella.it\/fr\/wp-json\/wp\/v2\/users\/1"}],"replies":[{"embeddable":true,"href":"https:\/\/www.hotelcapodistella.it\/fr\/wp-json\/wp\/v2\/comments?post=4102"}],"version-history":[{"count":5,"href":"https:\/\/www.hotelcapodistella.it\/fr\/wp-json\/wp\/v2\/pages\/4102\/revisions"}],"predecessor-version":[{"id":4518,"href":"https:\/\/www.hotelcapodistella.it\/fr\/wp-json\/wp\/v2\/pages\/4102\/revisions\/4518"}],"wp:attachment":[{"href":"https:\/\/www.hotelcapodistella.it\/fr\/wp-json\/wp\/v2\/media?parent=4102"}],"curies":[{"name":"wp","href":"https:\/\/api.w.org\/{rel}","templated":true}]}}